{"id":27830,"date":"2024-07-07T21:29:44","date_gmt":"2024-07-07T19:29:44","guid":{"rendered":"http:\/\/otop.ch\/?post_type=product&#038;p=27830"},"modified":"2024-10-27T21:00:30","modified_gmt":"2024-10-27T20:00:30","slug":"crystal-bubbles","status":"publish","type":"product","link":"https:\/\/otop.ch\/en\/product\/crystal-bubbles\/","title":{"rendered":"Crystal Bubbles"},"content":{"rendered":"<p>Ajoutez une touche de magie \u00e0 vos \u00e9v\u00e9nements avec nos <strong>Crystal Bubbles<\/strong>.<\/p>\n<p>Ces ballons transparents de <strong>38 cm<\/strong>, disponibles en plusieurs couleurs \u00e9clatantes, captent la lumi\u00e8re pour cr\u00e9er un effet de bulle cristalline qui semble flotter avec l\u00e9g\u00e8ret\u00e9.<\/p>\n<p>Parfaits pour des d\u00e9cors suspendus ou pour compl\u00e9ter un bouquet de ballons, les <strong>Crystal Bubbles<\/strong> apportent une touche a\u00e9rienne et lumineuse \u00e0 toutes vos c\u00e9l\u00e9brations.<\/p>","protected":false},"excerpt":{"rendered":"<p>Ajoutez une touche de magie \u00e0 vos \u00e9v\u00e9nements avec nos Crystal Bubbles. Ces ballons transparents de 38 cm, disponibles en<\/p>","protected":false},"featured_media":27938,"template":"","meta":[],"product_brand":[],"product_cat":[130],"product_tag":[],"class_list":{"0":"post-27830","1":"product","2":"type-product","3":"status-publish","4":"has-post-thumbnail","6":"product_cat-helium","8":"first","9":"instock","10":"shipping-taxable","11":"purchasable","12":"product-type-variable"},"aioseo_notices":[],"jetpack_sharing_enabled":true,"_links":{"self":[{"href":"https:\/\/otop.ch\/en\/wp-json\/wp\/v2\/product\/27830"}],"collection":[{"href":"https:\/\/otop.ch\/en\/wp-json\/wp\/v2\/product"}],"about":[{"href":"https:\/\/otop.ch\/en\/wp-json\/wp\/v2\/types\/product"}],"version-history":[{"count":3,"href":"https:\/\/otop.ch\/en\/wp-json\/wp\/v2\/product\/27830\/revisions"}],"predecessor-version":[{"id":29325,"href":"https:\/\/otop.ch\/en\/wp-json\/wp\/v2\/product\/27830\/revisions\/29325"}],"wp:featuredmedia":[{"embeddable":true,"href":"https:\/\/otop.ch\/en\/wp-json\/wp\/v2\/media\/27938"}],"wp:attachment":[{"href":"https:\/\/otop.ch\/en\/wp-json\/wp\/v2\/media?parent=27830"}],"wp:term":[{"taxonomy":"product_brand","embeddable":true,"href":"https:\/\/otop.ch\/en\/wp-json\/wp\/v2\/product_brand?post=27830"},{"taxonomy":"product_cat","embeddable":true,"href":"https:\/\/otop.ch\/en\/wp-json\/wp\/v2\/product_cat?post=27830"},{"taxonomy":"product_tag","embeddable":true,"href":"https:\/\/otop.ch\/en\/wp-json\/wp\/v2\/product_tag?post=27830"}],"curies":[{"name":"wp","href":"https:\/\/api.w.org\/{rel}","templated":true}]}}