{"id":27877,"date":"2024-07-10T20:39:42","date_gmt":"2024-07-10T18:39:42","guid":{"rendered":"http:\/\/otop.ch\/?post_type=product&#038;p=27877"},"modified":"2024-09-01T09:22:50","modified_gmt":"2024-09-01T07:22:50","slug":"or","status":"publish","type":"product","link":"https:\/\/otop.ch\/en\/product\/or\/","title":{"rendered":"Chiffre Metal"},"content":{"rendered":"<div class=\"title\">\n<p>Faites briller vos \u00e9v\u00e9nements avec nos ballons <strong>Chiffre Metal<\/strong> de <strong>101 cm<\/strong>\u2013 parce que chaque ann\u00e9e m\u00e9rite d\u2019\u00eatre c\u00e9l\u00e9br\u00e9e avec \u00e9clat (m\u00eame si on pr\u00e9f\u00e8re parfois oublier les chiffres) !<\/p>\n<p>Ces ballons m\u00e9talliques ajoutent une touche de glamour et de fun \u00e0 vos anniversaires, soir\u00e9es, ou toute occasion o\u00f9 vous voulez vraiment mettre le chiffre \u00e0 l\u2019honneur.<\/p>\n<p>Faites en sorte que vos invit\u00e9s se souviennent de ce jour comme du nombre qu\u2019on ne peut pas ignorer !<\/p>\n<p>&nbsp;<\/p>\n<p><em>*Pas la bonne couleur ou le bon chiffre ? Pas de panique \u2013 notre collection m\u00e9tallique est pr\u00eate \u00e0 r\u00e9pondre \u00e0 toutes vos envies, avec plus de choix que dans un magasin de confettis !<\/em><\/p>\n<\/div>","protected":false},"excerpt":{"rendered":"<p>Faites briller vos \u00e9v\u00e9nements avec nos ballons Chiffre Metal de 101 cm\u2013 parce que chaque ann\u00e9e m\u00e9rite d\u2019\u00eatre c\u00e9l\u00e9br\u00e9e avec<\/p>","protected":false},"featured_media":27881,"template":"","meta":[],"product_brand":[],"product_cat":[130,182,184],"product_tag":[],"class_list":{"0":"post-27877","1":"product","2":"type-product","3":"status-publish","4":"has-post-thumbnail","6":"product_cat-helium","7":"product_cat-aluminium","8":"product_cat-chiffres","10":"first","11":"instock","12":"shipping-taxable","13":"purchasable","14":"product-type-variable"},"aioseo_notices":[],"jetpack_sharing_enabled":true,"_links":{"self":[{"href":"https:\/\/otop.ch\/en\/wp-json\/wp\/v2\/product\/27877"}],"collection":[{"href":"https:\/\/otop.ch\/en\/wp-json\/wp\/v2\/product"}],"about":[{"href":"https:\/\/otop.ch\/en\/wp-json\/wp\/v2\/types\/product"}],"version-history":[{"count":6,"href":"https:\/\/otop.ch\/en\/wp-json\/wp\/v2\/product\/27877\/revisions"}],"predecessor-version":[{"id":29312,"href":"https:\/\/otop.ch\/en\/wp-json\/wp\/v2\/product\/27877\/revisions\/29312"}],"wp:featuredmedia":[{"embeddable":true,"href":"https:\/\/otop.ch\/en\/wp-json\/wp\/v2\/media\/27881"}],"wp:attachment":[{"href":"https:\/\/otop.ch\/en\/wp-json\/wp\/v2\/media?parent=27877"}],"wp:term":[{"taxonomy":"product_brand","embeddable":true,"href":"https:\/\/otop.ch\/en\/wp-json\/wp\/v2\/product_brand?post=27877"},{"taxonomy":"product_cat","embeddable":true,"href":"https:\/\/otop.ch\/en\/wp-json\/wp\/v2\/product_cat?post=27877"},{"taxonomy":"product_tag","embeddable":true,"href":"https:\/\/otop.ch\/en\/wp-json\/wp\/v2\/product_tag?post=27877"}],"curies":[{"name":"wp","href":"https:\/\/api.w.org\/{rel}","templated":true}]}}