{"id":27951,"date":"2024-07-11T07:14:46","date_gmt":"2024-07-11T05:14:46","guid":{"rendered":"http:\/\/otop.ch\/?post_type=product&#038;p=27951"},"modified":"2024-09-01T09:21:12","modified_gmt":"2024-09-01T07:21:12","slug":"pastel","status":"publish","type":"product","link":"https:\/\/otop.ch\/en\/product\/pastel\/","title":{"rendered":"Chiffre Satin"},"content":{"rendered":"<p>Marquez le coup avec nos ballons <strong>Chiffre Satin<\/strong> de <strong>101 cm<\/strong> \u2013 parfaits pour afficher votre \u00e2ge avec style ou c\u00e9l\u00e9brer un chiffre marquant (m\u00eame si on ne compte plus apr\u00e8s 30, promis !).<\/p>\n<p>Avec leur finition satin\u00e9e \u00e9l\u00e9gante, ces ballons donnent un look chic \u00e0 vos anniversaires, f\u00eates, ou n\u2019importe quelle occasion qui m\u00e9rite d\u2019\u00eatre compt\u00e9e\u2026 en grand !<\/p>\n<p>&nbsp;<\/p>\n<p><em>*Pas la bonne couleur ou la taille que vous cherchez ? Aucun probl\u00e8me \u2013 notre collection satin\u00e9e a plus de chiffres que votre calculatrice peut en afficher !<\/em><\/p>","protected":false},"excerpt":{"rendered":"<p>Marquez le coup avec nos ballons Chiffre Satin de 101 cm \u2013 parfaits pour afficher votre \u00e2ge avec style ou<\/p>","protected":false},"featured_media":27955,"template":"","meta":[],"product_brand":[],"product_cat":[130,182,184],"product_tag":[],"class_list":{"0":"post-27951","1":"product","2":"type-product","3":"status-publish","4":"has-post-thumbnail","6":"product_cat-helium","7":"product_cat-aluminium","8":"product_cat-chiffres","10":"first","11":"instock","12":"shipping-taxable","13":"purchasable","14":"product-type-variable"},"aioseo_notices":[],"jetpack_sharing_enabled":true,"_links":{"self":[{"href":"https:\/\/otop.ch\/en\/wp-json\/wp\/v2\/product\/27951"}],"collection":[{"href":"https:\/\/otop.ch\/en\/wp-json\/wp\/v2\/product"}],"about":[{"href":"https:\/\/otop.ch\/en\/wp-json\/wp\/v2\/types\/product"}],"version-history":[{"count":5,"href":"https:\/\/otop.ch\/en\/wp-json\/wp\/v2\/product\/27951\/revisions"}],"predecessor-version":[{"id":29311,"href":"https:\/\/otop.ch\/en\/wp-json\/wp\/v2\/product\/27951\/revisions\/29311"}],"wp:featuredmedia":[{"embeddable":true,"href":"https:\/\/otop.ch\/en\/wp-json\/wp\/v2\/media\/27955"}],"wp:attachment":[{"href":"https:\/\/otop.ch\/en\/wp-json\/wp\/v2\/media?parent=27951"}],"wp:term":[{"taxonomy":"product_brand","embeddable":true,"href":"https:\/\/otop.ch\/en\/wp-json\/wp\/v2\/product_brand?post=27951"},{"taxonomy":"product_cat","embeddable":true,"href":"https:\/\/otop.ch\/en\/wp-json\/wp\/v2\/product_cat?post=27951"},{"taxonomy":"product_tag","embeddable":true,"href":"https:\/\/otop.ch\/en\/wp-json\/wp\/v2\/product_tag?post=27951"}],"curies":[{"name":"wp","href":"https:\/\/api.w.org\/{rel}","templated":true}]}}