{"id":27968,"date":"2024-07-11T09:12:32","date_gmt":"2024-07-11T07:12:32","guid":{"rendered":"http:\/\/otop.ch\/?post_type=product&#038;p=27968"},"modified":"2024-09-01T09:18:24","modified_gmt":"2024-09-01T07:18:24","slug":"27968","status":"publish","type":"product","link":"https:\/\/otop.ch\/en\/product\/27968\/","title":{"rendered":"C\u0153ur Metal"},"content":{"rendered":"<div class=\"title\">\n<p>Mettez de l&rsquo;\u00e9clat dans vos c\u00e9l\u00e9brations avec nos ballons <strong>C\u0153ur Metal de 45 cm.<\/strong><\/p>\n<p>Leur forme romantique associ\u00e9e \u00e0 une finition m\u00e9tallique brillante en fait le choix parfait pour des \u00e9v\u00e9nements qui veulent briller.<\/p>\n<p>Que ce soit pour des mariages, anniversaires, ou autres occasions sp\u00e9ciales, ces ballons <strong>C\u0153ur Metal<\/strong> ajoutent une touche glamour et saisissante \u00e0 votre d\u00e9coration.<\/p>\n<p>&nbsp;<\/p>\n<p><em>*Si vous ne trouvez pas la couleur ou la taille parfaite, faites-le nous savoir \u2013 notre collection m\u00e9tallique a encore plus \u00e0 offrir pour illuminer vos f\u00eates !<\/em><\/p>\n<\/div>","protected":false},"excerpt":{"rendered":"<p>Mettez de l&rsquo;\u00e9clat dans vos c\u00e9l\u00e9brations avec nos ballons C\u0153ur Metal de 45 cm. Leur forme romantique associ\u00e9e \u00e0 une<\/p>","protected":false},"featured_media":27971,"template":"","meta":[],"product_brand":[],"product_cat":[130,182,219],"product_tag":[],"class_list":{"0":"post-27968","1":"product","2":"type-product","3":"status-publish","4":"has-post-thumbnail","6":"product_cat-helium","7":"product_cat-aluminium","8":"product_cat-coeurs","10":"first","11":"instock","12":"shipping-taxable","13":"purchasable","14":"product-type-variable"},"aioseo_notices":[],"jetpack_sharing_enabled":true,"_links":{"self":[{"href":"https:\/\/otop.ch\/en\/wp-json\/wp\/v2\/product\/27968"}],"collection":[{"href":"https:\/\/otop.ch\/en\/wp-json\/wp\/v2\/product"}],"about":[{"href":"https:\/\/otop.ch\/en\/wp-json\/wp\/v2\/types\/product"}],"version-history":[{"count":5,"href":"https:\/\/otop.ch\/en\/wp-json\/wp\/v2\/product\/27968\/revisions"}],"predecessor-version":[{"id":29309,"href":"https:\/\/otop.ch\/en\/wp-json\/wp\/v2\/product\/27968\/revisions\/29309"}],"wp:featuredmedia":[{"embeddable":true,"href":"https:\/\/otop.ch\/en\/wp-json\/wp\/v2\/media\/27971"}],"wp:attachment":[{"href":"https:\/\/otop.ch\/en\/wp-json\/wp\/v2\/media?parent=27968"}],"wp:term":[{"taxonomy":"product_brand","embeddable":true,"href":"https:\/\/otop.ch\/en\/wp-json\/wp\/v2\/product_brand?post=27968"},{"taxonomy":"product_cat","embeddable":true,"href":"https:\/\/otop.ch\/en\/wp-json\/wp\/v2\/product_cat?post=27968"},{"taxonomy":"product_tag","embeddable":true,"href":"https:\/\/otop.ch\/en\/wp-json\/wp\/v2\/product_tag?post=27968"}],"curies":[{"name":"wp","href":"https:\/\/api.w.org\/{rel}","templated":true}]}}