{"id":27995,"date":"2024-07-13T19:52:12","date_gmt":"2024-07-13T17:52:12","guid":{"rendered":"http:\/\/otop.ch\/?post_type=product&#038;p=27995"},"modified":"2024-09-01T09:09:33","modified_gmt":"2024-09-01T07:09:33","slug":"satin","status":"publish","type":"product","link":"https:\/\/otop.ch\/en\/product\/satin\/","title":{"rendered":"C\u0153ur Satin"},"content":{"rendered":"<div class=\"title\">\n<p>Faites battre les c\u0153urs avec style gr\u00e2ce \u00e0 nos ballons <strong>C\u0153ur Satin 45 cm<\/strong>.<\/p>\n<p>Leur forme romantique et leur finition satin\u00e9e font de ces ballons le choix parfait pour ajouter une touche de douceur et de luxe \u00e0 vos \u00e9v\u00e9nements.<\/p>\n<p>Id\u00e9als pour les mariages, anniversaires ou toute c\u00e9l\u00e9bration sp\u00e9ciale, ces ballons apportent une \u00e9l\u00e9gance discr\u00e8te mais m\u00e9morable \u00e0 votre d\u00e9coration.<\/p>\n<p>&nbsp;<\/p>\n<p><em>*Si vous ne trouvez pas la couleur ou la taille parfaite, dites-le nous \u2013 notre gamme satin\u00e9e offre encore plus de possibilit\u00e9s pour faire fondre les c\u0153urs !<\/em><\/p>\n<\/div>","protected":false},"excerpt":{"rendered":"<p>Faites battre les c\u0153urs avec style gr\u00e2ce \u00e0 nos ballons C\u0153ur Satin 45 cm. Leur forme romantique et leur finition<\/p>","protected":false},"featured_media":27997,"template":"","meta":[],"product_brand":[],"product_cat":[130,182,219],"product_tag":[],"class_list":{"0":"post-27995","1":"product","2":"type-product","3":"status-publish","4":"has-post-thumbnail","6":"product_cat-helium","7":"product_cat-aluminium","8":"product_cat-coeurs","10":"first","11":"instock","12":"shipping-taxable","13":"purchasable","14":"product-type-variable"},"aioseo_notices":[],"jetpack_sharing_enabled":true,"_links":{"self":[{"href":"https:\/\/otop.ch\/en\/wp-json\/wp\/v2\/product\/27995"}],"collection":[{"href":"https:\/\/otop.ch\/en\/wp-json\/wp\/v2\/product"}],"about":[{"href":"https:\/\/otop.ch\/en\/wp-json\/wp\/v2\/types\/product"}],"version-history":[{"count":4,"href":"https:\/\/otop.ch\/en\/wp-json\/wp\/v2\/product\/27995\/revisions"}],"predecessor-version":[{"id":29307,"href":"https:\/\/otop.ch\/en\/wp-json\/wp\/v2\/product\/27995\/revisions\/29307"}],"wp:featuredmedia":[{"embeddable":true,"href":"https:\/\/otop.ch\/en\/wp-json\/wp\/v2\/media\/27997"}],"wp:attachment":[{"href":"https:\/\/otop.ch\/en\/wp-json\/wp\/v2\/media?parent=27995"}],"wp:term":[{"taxonomy":"product_brand","embeddable":true,"href":"https:\/\/otop.ch\/en\/wp-json\/wp\/v2\/product_brand?post=27995"},{"taxonomy":"product_cat","embeddable":true,"href":"https:\/\/otop.ch\/en\/wp-json\/wp\/v2\/product_cat?post=27995"},{"taxonomy":"product_tag","embeddable":true,"href":"https:\/\/otop.ch\/en\/wp-json\/wp\/v2\/product_tag?post=27995"}],"curies":[{"name":"wp","href":"https:\/\/api.w.org\/{rel}","templated":true}]}}