{"id":28014,"date":"2024-07-13T20:58:00","date_gmt":"2024-07-13T18:58:00","guid":{"rendered":"http:\/\/otop.ch\/?post_type=product&#038;p=28014"},"modified":"2024-09-01T09:04:51","modified_gmt":"2024-09-01T07:04:51","slug":"satin-2","status":"publish","type":"product","link":"https:\/\/otop.ch\/en\/product\/satin-2\/","title":{"rendered":"Rond Satin"},"content":{"rendered":"<div class=\"title\">\n<p>Apportez une touche de douceur et de luxe \u00e0 votre \u00e9v\u00e9nement avec nos ballons <strong>Rond Satin<\/strong>.<\/p>\n<p>Ces ballons ronds en aluminium de <strong>45cm<\/strong> se distinguent par leur finition satin\u00e9e, parfaite pour cr\u00e9er une ambiance \u00e9l\u00e9gante et raffin\u00e9e lors de vos f\u00eates.<\/p>\n<p>Que ce soit pour un mariage, une f\u00eate d&rsquo;anniversaire, ou toute autre occasion sp\u00e9ciale, les ballons <strong>Rond Satin<\/strong> ajoutent une touche subtile mais sophistiqu\u00e9e \u00e0 votre d\u00e9coration.<\/p>\n<p>&nbsp;<\/p>\n<p><em>*Si vous ne trouvez pas la couleur ou la taille id\u00e9ale, faites-le nous savoir \u2013 notre collection satin\u00e9e est encore plus vaste que vous ne le pensez !<\/em><\/p>\n<\/div>","protected":false},"excerpt":{"rendered":"<p>Apportez une touche de douceur et de luxe \u00e0 votre \u00e9v\u00e9nement avec nos ballons Rond Satin. Ces ballons ronds en<\/p>","protected":false},"featured_media":28016,"template":"","meta":[],"product_brand":[],"product_cat":[130,182,235],"product_tag":[],"class_list":{"0":"post-28014","1":"product","2":"type-product","3":"status-publish","4":"has-post-thumbnail","6":"product_cat-helium","7":"product_cat-aluminium","8":"product_cat-ronds","10":"first","11":"instock","12":"shipping-taxable","13":"purchasable","14":"product-type-variable"},"aioseo_notices":[],"jetpack_sharing_enabled":true,"_links":{"self":[{"href":"https:\/\/otop.ch\/en\/wp-json\/wp\/v2\/product\/28014"}],"collection":[{"href":"https:\/\/otop.ch\/en\/wp-json\/wp\/v2\/product"}],"about":[{"href":"https:\/\/otop.ch\/en\/wp-json\/wp\/v2\/types\/product"}],"version-history":[{"count":4,"href":"https:\/\/otop.ch\/en\/wp-json\/wp\/v2\/product\/28014\/revisions"}],"predecessor-version":[{"id":29305,"href":"https:\/\/otop.ch\/en\/wp-json\/wp\/v2\/product\/28014\/revisions\/29305"}],"wp:featuredmedia":[{"embeddable":true,"href":"https:\/\/otop.ch\/en\/wp-json\/wp\/v2\/media\/28016"}],"wp:attachment":[{"href":"https:\/\/otop.ch\/en\/wp-json\/wp\/v2\/media?parent=28014"}],"wp:term":[{"taxonomy":"product_brand","embeddable":true,"href":"https:\/\/otop.ch\/en\/wp-json\/wp\/v2\/product_brand?post=28014"},{"taxonomy":"product_cat","embeddable":true,"href":"https:\/\/otop.ch\/en\/wp-json\/wp\/v2\/product_cat?post=28014"},{"taxonomy":"product_tag","embeddable":true,"href":"https:\/\/otop.ch\/en\/wp-json\/wp\/v2\/product_tag?post=28014"}],"curies":[{"name":"wp","href":"https:\/\/api.w.org\/{rel}","templated":true}]}}