{"id":28033,"date":"2024-07-13T21:38:54","date_gmt":"2024-07-13T19:38:54","guid":{"rendered":"http:\/\/otop.ch\/?post_type=product&#038;p=28033"},"modified":"2024-09-01T09:01:17","modified_gmt":"2024-09-01T07:01:17","slug":"metal","status":"publish","type":"product","link":"https:\/\/otop.ch\/en\/product\/metal\/","title":{"rendered":"Rond Metal"},"content":{"rendered":"<p>Ajoutez une dose de style et de brillance \u00e0 votre d\u00e9coration avec nos ballons <strong>Rond Metal<\/strong>.<\/p>\n<p>Ces ballons en aluminium, ronds,m\u00e9talliques, de <strong>45 cm,<\/strong> sont parfaits pour cr\u00e9er une ambiance moderne et \u00e9clatante lors de vos \u00e9v\u00e9nements.<\/p>\n<p>Que ce soit pour des mariages, des anniversaires, ou tout autre \u00e9v\u00e9nement sp\u00e9cial, les ballons <strong>Rond Metal<\/strong> apportent une touche de sophistication et de glamour \u00e0 votre d\u00e9cor.<\/p>\n<p>&nbsp;<\/p>\n<p><em>*Besoin d&rsquo;une couleur ou d&rsquo;une taille sp\u00e9cifique ? Faites-le nous savoir \u2013 notre collection m\u00e9tallique est encore plus vaste que vous ne l&rsquo;imaginez !<\/em><\/p>","protected":false},"excerpt":{"rendered":"<p>Ajoutez une dose de style et de brillance \u00e0 votre d\u00e9coration avec nos ballons Rond Metal. Ces ballons en aluminium,<\/p>","protected":false},"featured_media":28034,"template":"","meta":[],"product_brand":[],"product_cat":[130,182,235],"product_tag":[],"class_list":{"0":"post-28033","1":"product","2":"type-product","3":"status-publish","4":"has-post-thumbnail","6":"product_cat-helium","7":"product_cat-aluminium","8":"product_cat-ronds","10":"first","11":"instock","12":"shipping-taxable","13":"purchasable","14":"product-type-variable"},"aioseo_notices":[],"jetpack_sharing_enabled":true,"_links":{"self":[{"href":"https:\/\/otop.ch\/en\/wp-json\/wp\/v2\/product\/28033"}],"collection":[{"href":"https:\/\/otop.ch\/en\/wp-json\/wp\/v2\/product"}],"about":[{"href":"https:\/\/otop.ch\/en\/wp-json\/wp\/v2\/types\/product"}],"version-history":[{"count":4,"href":"https:\/\/otop.ch\/en\/wp-json\/wp\/v2\/product\/28033\/revisions"}],"predecessor-version":[{"id":29303,"href":"https:\/\/otop.ch\/en\/wp-json\/wp\/v2\/product\/28033\/revisions\/29303"}],"wp:featuredmedia":[{"embeddable":true,"href":"https:\/\/otop.ch\/en\/wp-json\/wp\/v2\/media\/28034"}],"wp:attachment":[{"href":"https:\/\/otop.ch\/en\/wp-json\/wp\/v2\/media?parent=28033"}],"wp:term":[{"taxonomy":"product_brand","embeddable":true,"href":"https:\/\/otop.ch\/en\/wp-json\/wp\/v2\/product_brand?post=28033"},{"taxonomy":"product_cat","embeddable":true,"href":"https:\/\/otop.ch\/en\/wp-json\/wp\/v2\/product_cat?post=28033"},{"taxonomy":"product_tag","embeddable":true,"href":"https:\/\/otop.ch\/en\/wp-json\/wp\/v2\/product_tag?post=28033"}],"curies":[{"name":"wp","href":"https:\/\/api.w.org\/{rel}","templated":true}]}}