{"id":28054,"date":"2024-07-14T09:09:17","date_gmt":"2024-07-14T07:09:17","guid":{"rendered":"http:\/\/otop.ch\/?post_type=product&#038;p=28054"},"modified":"2024-09-01T08:58:58","modified_gmt":"2024-09-01T06:58:58","slug":"metal-2","status":"publish","type":"product","link":"https:\/\/otop.ch\/en\/product\/metal-2\/","title":{"rendered":"\u00c9toile Metal"},"content":{"rendered":"<div class=\"title\">\n<p>Illuminez votre \u00e9v\u00e9nement avec une touche de glamour et de modernit\u00e9 gr\u00e2ce aux ballons <strong>\u00c9toile Metal<\/strong>.<\/p>\n<p>Ces ballons en aluminium, en forme d&rsquo;\u00e9toile, de <strong>45 cm<\/strong>, se distinguent par leur finition m\u00e9tallique \u00e9clatante, apportant une dose de sophistication et d&rsquo;\u00e9clat \u00e0 n&rsquo;importe quelle c\u00e9l\u00e9bration.<\/p>\n<p>Que ce soit pour des mariages, des f\u00eates d&rsquo;anniversaire, ou des \u00e9v\u00e9nements sp\u00e9ciaux, les ballons <strong>\u00c9toile Metal<\/strong> sont parfaits pour ajouter une brillance moderne et festive \u00e0 votre d\u00e9cor.<\/p>\n<p>&nbsp;<\/p>\n<p><em>*Vous cherchez une couleur ou une taille sp\u00e9cifique ? Dites-le nous \u2013 notre collection d&rsquo;options m\u00e9talliques est encore plus vaste qu&rsquo;une nuit \u00e9toil\u00e9e !<\/em><\/p>\n<\/div>","protected":false},"excerpt":{"rendered":"<p>Illuminez votre \u00e9v\u00e9nement avec une touche de glamour et de modernit\u00e9 gr\u00e2ce aux ballons \u00c9toile Metal. Ces ballons en aluminium,<\/p>","protected":false},"featured_media":28057,"template":"","meta":[],"product_brand":[],"product_cat":[130,182,253],"product_tag":[],"class_list":{"0":"post-28054","1":"product","2":"type-product","3":"status-publish","4":"has-post-thumbnail","6":"product_cat-helium","7":"product_cat-aluminium","8":"product_cat-etoiles","10":"first","11":"instock","12":"shipping-taxable","13":"purchasable","14":"product-type-variable"},"aioseo_notices":[],"jetpack_sharing_enabled":true,"_links":{"self":[{"href":"https:\/\/otop.ch\/en\/wp-json\/wp\/v2\/product\/28054"}],"collection":[{"href":"https:\/\/otop.ch\/en\/wp-json\/wp\/v2\/product"}],"about":[{"href":"https:\/\/otop.ch\/en\/wp-json\/wp\/v2\/types\/product"}],"version-history":[{"count":6,"href":"https:\/\/otop.ch\/en\/wp-json\/wp\/v2\/product\/28054\/revisions"}],"predecessor-version":[{"id":29301,"href":"https:\/\/otop.ch\/en\/wp-json\/wp\/v2\/product\/28054\/revisions\/29301"}],"wp:featuredmedia":[{"embeddable":true,"href":"https:\/\/otop.ch\/en\/wp-json\/wp\/v2\/media\/28057"}],"wp:attachment":[{"href":"https:\/\/otop.ch\/en\/wp-json\/wp\/v2\/media?parent=28054"}],"wp:term":[{"taxonomy":"product_brand","embeddable":true,"href":"https:\/\/otop.ch\/en\/wp-json\/wp\/v2\/product_brand?post=28054"},{"taxonomy":"product_cat","embeddable":true,"href":"https:\/\/otop.ch\/en\/wp-json\/wp\/v2\/product_cat?post=28054"},{"taxonomy":"product_tag","embeddable":true,"href":"https:\/\/otop.ch\/en\/wp-json\/wp\/v2\/product_tag?post=28054"}],"curies":[{"name":"wp","href":"https:\/\/api.w.org\/{rel}","templated":true}]}}