{"id":28075,"date":"2024-07-14T09:48:31","date_gmt":"2024-07-14T07:48:31","guid":{"rendered":"http:\/\/otop.ch\/?post_type=product&#038;p=28075"},"modified":"2024-09-01T08:54:55","modified_gmt":"2024-09-01T06:54:55","slug":"etoile-satin","status":"publish","type":"product","link":"https:\/\/otop.ch\/en\/product\/etoile-satin\/","title":{"rendered":"\u00c9toile Satin"},"content":{"rendered":"<div class=\"title\">\n<p>Ces ballons en aluminium, en forme d&rsquo;\u00e9toile, de <strong>45 cm,<\/strong> offrent un magnifique fini satin\u00e9 qui ajoute une touche d&rsquo;\u00e9l\u00e9gance \u00e0 toute c\u00e9l\u00e9bration.<\/p>\n<p>Disponibles dans plusieurs couleurs raffin\u00e9es, ils sont parfaits pour les mariages, anniversaires, et autres \u00e9v\u00e9nements o\u00f9 une ambiance chic et lumineuse est souhait\u00e9e.<\/p>\n<p>&nbsp;<\/p>\n<p><em>*Disponible en diff\u00e9rentes tailles et couleurs pour s&rsquo;adapter parfaitement \u00e0 votre th\u00e8me. Si vous ne trouvez pas exactement ce que vous cherchez, contactez-nous \u2013 nous avons encore plus d&rsquo;options en stock pour r\u00e9pondre \u00e0 vos besoins.<\/em><\/p>\n<\/div>","protected":false},"excerpt":{"rendered":"<p>Ces ballons en aluminium, en forme d&rsquo;\u00e9toile, de 45 cm, offrent un magnifique fini satin\u00e9 qui ajoute une touche d&rsquo;\u00e9l\u00e9gance<\/p>","protected":false},"featured_media":28076,"template":"","meta":[],"product_brand":[],"product_cat":[130,182,253],"product_tag":[],"class_list":{"0":"post-28075","1":"product","2":"type-product","3":"status-publish","4":"has-post-thumbnail","6":"product_cat-helium","7":"product_cat-aluminium","8":"product_cat-etoiles","10":"first","11":"instock","12":"shipping-taxable","13":"purchasable","14":"product-type-variable"},"aioseo_notices":[],"jetpack_sharing_enabled":true,"_links":{"self":[{"href":"https:\/\/otop.ch\/en\/wp-json\/wp\/v2\/product\/28075"}],"collection":[{"href":"https:\/\/otop.ch\/en\/wp-json\/wp\/v2\/product"}],"about":[{"href":"https:\/\/otop.ch\/en\/wp-json\/wp\/v2\/types\/product"}],"version-history":[{"count":6,"href":"https:\/\/otop.ch\/en\/wp-json\/wp\/v2\/product\/28075\/revisions"}],"predecessor-version":[{"id":29299,"href":"https:\/\/otop.ch\/en\/wp-json\/wp\/v2\/product\/28075\/revisions\/29299"}],"wp:featuredmedia":[{"embeddable":true,"href":"https:\/\/otop.ch\/en\/wp-json\/wp\/v2\/media\/28076"}],"wp:attachment":[{"href":"https:\/\/otop.ch\/en\/wp-json\/wp\/v2\/media?parent=28075"}],"wp:term":[{"taxonomy":"product_brand","embeddable":true,"href":"https:\/\/otop.ch\/en\/wp-json\/wp\/v2\/product_brand?post=28075"},{"taxonomy":"product_cat","embeddable":true,"href":"https:\/\/otop.ch\/en\/wp-json\/wp\/v2\/product_cat?post=28075"},{"taxonomy":"product_tag","embeddable":true,"href":"https:\/\/otop.ch\/en\/wp-json\/wp\/v2\/product_tag?post=28075"}],"curies":[{"name":"wp","href":"https:\/\/api.w.org\/{rel}","templated":true}]}}