{"id":28091,"date":"2024-07-14T11:02:28","date_gmt":"2024-07-14T09:02:28","guid":{"rendered":"http:\/\/otop.ch\/?post_type=product&#038;p=28091"},"modified":"2024-09-01T08:49:44","modified_gmt":"2024-09-01T06:49:44","slug":"candy","status":"publish","type":"product","link":"https:\/\/otop.ch\/en\/product\/candy\/","title":{"rendered":"Candy"},"content":{"rendered":"<div class=\"title\">\n<p>Apportez une explosion de couleurs sucr\u00e9es \u00e0 votre \u00e9v\u00e9nement avec nos ballons <strong>\u00ab\u00a0Candy\u00a0\u00bb de 45 cm<\/strong>.<\/p>\n<p>Inspir\u00e9s par les d\u00e9licieuses spirales des bonbons, ces ballons vibrants et color\u00e9s sont parfaits pour cr\u00e9er une ambiance joyeuse et festive.<\/p>\n<p>Id\u00e9al pour les anniversaires, les baby showers, ou toute f\u00eate \u00e0 th\u00e8me sucr\u00e9, chaque ballon est con\u00e7u pour captiver les regards et ajouter une touche gourmande \u00e0 votre d\u00e9cor.<\/p>\n<\/div>","protected":false},"excerpt":{"rendered":"<p>Apportez une explosion de couleurs sucr\u00e9es \u00e0 votre \u00e9v\u00e9nement avec nos ballons \u00ab\u00a0Candy\u00a0\u00bb de 45 cm. Inspir\u00e9s par les d\u00e9licieuses<\/p>","protected":false},"featured_media":28092,"template":"","meta":[],"product_brand":[],"product_cat":[130,182],"product_tag":[],"class_list":{"0":"post-28091","1":"product","2":"type-product","3":"status-publish","4":"has-post-thumbnail","6":"product_cat-helium","7":"product_cat-aluminium","9":"first","10":"instock","11":"shipping-taxable","12":"purchasable","13":"product-type-variable"},"aioseo_notices":[],"jetpack_sharing_enabled":true,"_links":{"self":[{"href":"https:\/\/otop.ch\/en\/wp-json\/wp\/v2\/product\/28091"}],"collection":[{"href":"https:\/\/otop.ch\/en\/wp-json\/wp\/v2\/product"}],"about":[{"href":"https:\/\/otop.ch\/en\/wp-json\/wp\/v2\/types\/product"}],"version-history":[{"count":4,"href":"https:\/\/otop.ch\/en\/wp-json\/wp\/v2\/product\/28091\/revisions"}],"predecessor-version":[{"id":29297,"href":"https:\/\/otop.ch\/en\/wp-json\/wp\/v2\/product\/28091\/revisions\/29297"}],"wp:featuredmedia":[{"embeddable":true,"href":"https:\/\/otop.ch\/en\/wp-json\/wp\/v2\/media\/28092"}],"wp:attachment":[{"href":"https:\/\/otop.ch\/en\/wp-json\/wp\/v2\/media?parent=28091"}],"wp:term":[{"taxonomy":"product_brand","embeddable":true,"href":"https:\/\/otop.ch\/en\/wp-json\/wp\/v2\/product_brand?post=28091"},{"taxonomy":"product_cat","embeddable":true,"href":"https:\/\/otop.ch\/en\/wp-json\/wp\/v2\/product_cat?post=28091"},{"taxonomy":"product_tag","embeddable":true,"href":"https:\/\/otop.ch\/en\/wp-json\/wp\/v2\/product_tag?post=28091"}],"curies":[{"name":"wp","href":"https:\/\/api.w.org\/{rel}","templated":true}]}}