{"id":28188,"date":"2024-07-14T18:20:17","date_gmt":"2024-07-14T16:20:17","guid":{"rendered":"http:\/\/otop.ch\/?post_type=product&#038;p=28188"},"modified":"2024-09-01T08:15:31","modified_gmt":"2024-09-01T06:15:31","slug":"walking-balloon","status":"publish","type":"product","link":"https:\/\/otop.ch\/en\/product\/walking-balloon\/","title":{"rendered":"Helium Walking Balloon"},"content":{"rendered":"<div class=\"title\">\n<p>Apportez une touche amusante et interactive \u00e0 vos \u00e9v\u00e9nements avec nos <strong>Helium Walking Balloons<\/strong> !<\/p>\n<p>Ces ballons sp\u00e9ciaux sont con\u00e7us pour flotter juste au-dessus du sol, cr\u00e9ant l&rsquo;illusion qu&rsquo;ils marchent ou se d\u00e9placent \u00e0 c\u00f4t\u00e9 de vous.<\/p>\n<p>Parfait pour \u00e9merveiller les enfants et amuser les invit\u00e9s, ces ballons sont id\u00e9aux pour les f\u00eates d&rsquo;anniversaire, les baby showers, ou tout autre \u00e9v\u00e9nement o\u00f9 vous souhaitez ajouter une dose de magie et de fun.<\/p>\n<p>Disponibles dans une vari\u00e9t\u00e9 de formes et de personnages, les <strong>Helium Walking Balloons<\/strong> sont un excellent moyen de personnaliser votre f\u00eate et de cr\u00e9er une ambiance ludique et m\u00e9morable.<\/p>\n<p>&nbsp;<\/p>\n<p><em>*Et si vous cherchez un personnage ou un th\u00e8me particulier, faites-le nous savoir \u2013 nous avons encore plus de mod\u00e8les disponibles pour satisfaire toutes vos envies.<\/em><\/p>\n<\/div>","protected":false},"excerpt":{"rendered":"<p>Apportez une touche amusante et interactive \u00e0 vos \u00e9v\u00e9nements avec nos Helium Walking Balloons ! Ces ballons sp\u00e9ciaux sont con\u00e7us<\/p>","protected":false},"featured_media":28192,"template":"","meta":[],"product_brand":[],"product_cat":[286,288,130,182],"product_tag":[],"class_list":{"0":"post-28188","1":"product","2":"type-product","3":"status-publish","4":"has-post-thumbnail","6":"product_cat-walkers","7":"product_cat-helium-walkers","8":"product_cat-helium","9":"product_cat-aluminium","11":"first","12":"instock","13":"shipping-taxable","14":"purchasable","15":"product-type-variable"},"aioseo_notices":[],"jetpack_sharing_enabled":true,"_links":{"self":[{"href":"https:\/\/otop.ch\/en\/wp-json\/wp\/v2\/product\/28188"}],"collection":[{"href":"https:\/\/otop.ch\/en\/wp-json\/wp\/v2\/product"}],"about":[{"href":"https:\/\/otop.ch\/en\/wp-json\/wp\/v2\/types\/product"}],"version-history":[{"count":5,"href":"https:\/\/otop.ch\/en\/wp-json\/wp\/v2\/product\/28188\/revisions"}],"predecessor-version":[{"id":29295,"href":"https:\/\/otop.ch\/en\/wp-json\/wp\/v2\/product\/28188\/revisions\/29295"}],"wp:featuredmedia":[{"embeddable":true,"href":"https:\/\/otop.ch\/en\/wp-json\/wp\/v2\/media\/28192"}],"wp:attachment":[{"href":"https:\/\/otop.ch\/en\/wp-json\/wp\/v2\/media?parent=28188"}],"wp:term":[{"taxonomy":"product_brand","embeddable":true,"href":"https:\/\/otop.ch\/en\/wp-json\/wp\/v2\/product_brand?post=28188"},{"taxonomy":"product_cat","embeddable":true,"href":"https:\/\/otop.ch\/en\/wp-json\/wp\/v2\/product_cat?post=28188"},{"taxonomy":"product_tag","embeddable":true,"href":"https:\/\/otop.ch\/en\/wp-json\/wp\/v2\/product_tag?post=28188"}],"curies":[{"name":"wp","href":"https:\/\/api.w.org\/{rel}","templated":true}]}}