{"id":28224,"date":"2024-07-14T20:45:39","date_gmt":"2024-07-14T18:45:39","guid":{"rendered":"http:\/\/otop.ch\/?post_type=product&#038;p=28224"},"modified":"2024-09-01T08:13:55","modified_gmt":"2024-09-01T06:13:55","slug":"air-fill-balloons","status":"publish","type":"product","link":"https:\/\/otop.ch\/en\/product\/air-fill-balloons\/","title":{"rendered":"Air Fill Balloons"},"content":{"rendered":"<div class=\"title\">\n<p>Ces ballons sont con\u00e7us pour \u00eatre gonfl\u00e9s \u00e0<strong> l&rsquo;air<\/strong>, ce qui en fait une option parfaite pour les d\u00e9corations au sol, les arches, les guirlandes et plus encore.<\/p>\n<p>Pas besoin d&rsquo;h\u00e9lium, ces ballons offrent une solution pratique et \u00e9conomique pour toutes vos c\u00e9l\u00e9brations.<\/p>\n<p>Id\u00e9als pour les anniversaires, mariages, baby showers, ou toute autre occasion sp\u00e9ciale, nos <strong>Air Fill Balloons<\/strong> sont disponibles dans une large gamme de couleurs, formes et tailles, vous permettant de personnaliser votre d\u00e9cor selon vos envies.<\/p>\n<p>&nbsp;<\/p>\n<p><em>* Et si vous avez une id\u00e9e sp\u00e9cifique en t\u00eate, faites-le nous savoir \u2013 nous avons encore plus de choix disponibles pour r\u00e9pondre \u00e0 vos besoins.<\/em><\/p>\n<\/div>","protected":false},"excerpt":{"rendered":"<p>Ces ballons sont con\u00e7us pour \u00eatre gonfl\u00e9s \u00e0 l&rsquo;air, ce qui en fait une option parfaite pour les d\u00e9corations au<\/p>","protected":false},"featured_media":28226,"template":"","meta":[],"product_brand":[],"product_cat":[286,287,182],"product_tag":[],"class_list":{"0":"post-28224","1":"product","2":"type-product","3":"status-publish","4":"has-post-thumbnail","6":"product_cat-walkers","7":"product_cat-air-fill","8":"product_cat-aluminium","10":"first","11":"instock","12":"shipping-taxable","13":"purchasable","14":"product-type-variable"},"aioseo_notices":[],"jetpack_sharing_enabled":true,"_links":{"self":[{"href":"https:\/\/otop.ch\/en\/wp-json\/wp\/v2\/product\/28224"}],"collection":[{"href":"https:\/\/otop.ch\/en\/wp-json\/wp\/v2\/product"}],"about":[{"href":"https:\/\/otop.ch\/en\/wp-json\/wp\/v2\/types\/product"}],"version-history":[{"count":5,"href":"https:\/\/otop.ch\/en\/wp-json\/wp\/v2\/product\/28224\/revisions"}],"predecessor-version":[{"id":29294,"href":"https:\/\/otop.ch\/en\/wp-json\/wp\/v2\/product\/28224\/revisions\/29294"}],"wp:featuredmedia":[{"embeddable":true,"href":"https:\/\/otop.ch\/en\/wp-json\/wp\/v2\/media\/28226"}],"wp:attachment":[{"href":"https:\/\/otop.ch\/en\/wp-json\/wp\/v2\/media?parent=28224"}],"wp:term":[{"taxonomy":"product_brand","embeddable":true,"href":"https:\/\/otop.ch\/en\/wp-json\/wp\/v2\/product_brand?post=28224"},{"taxonomy":"product_cat","embeddable":true,"href":"https:\/\/otop.ch\/en\/wp-json\/wp\/v2\/product_cat?post=28224"},{"taxonomy":"product_tag","embeddable":true,"href":"https:\/\/otop.ch\/en\/wp-json\/wp\/v2\/product_tag?post=28224"}],"curies":[{"name":"wp","href":"https:\/\/api.w.org\/{rel}","templated":true}]}}