{"id":28278,"date":"2024-07-24T17:20:17","date_gmt":"2024-07-24T15:20:17","guid":{"rendered":"http:\/\/otop.ch\/?post_type=product&#038;p=28278"},"modified":"2024-10-27T21:06:39","modified_gmt":"2024-10-27T20:06:39","slug":"neon","status":"publish","type":"product","link":"https:\/\/otop.ch\/en\/product\/neon\/","title":{"rendered":"Neon"},"content":{"rendered":"<div class=\"title\">\n<p>Illuminez vos \u00e9v\u00e9nements avec nos ballons en latex <strong>\u00ab\u00a0Neon\u00a0\u00bb<\/strong> !<\/p>\n<p>Ces ballons vibrants et \u00e9clatants de <strong>30 cm<\/strong> sont con\u00e7us pour capter l&rsquo;attention et ajouter une touche d&rsquo;\u00e9nergie \u00e0 n&rsquo;importe quelle f\u00eate.<\/p>\n<p>Parfaits pour les soir\u00e9es, les f\u00eates \u00e0 th\u00e8me, ou tout \u00e9v\u00e9nement o\u00f9 vous souhaitez cr\u00e9er une ambiance dynamique et festive, les ballons <strong>\u00ab\u00a0Neon\u00a0\u00bb<\/strong> brillent intens\u00e9ment sous la lumi\u00e8re noire, transformant votre espace en un spectacle lumineux et inoubliable.<br \/>\nDisponibles en plusieurs couleurs n\u00e9on vives, ces ballons sont id\u00e9aux pour ceux qui veulent ajouter un \u00e9clat \u00e9lectrisant \u00e0 leur d\u00e9cor.<\/p>\n<p><em>*Disponible en plusieurs couleurs n\u00e9on et plusieurs tailles pour un effet saisissant sous lumi\u00e8re noire.<\/em><\/p>\n<\/div>","protected":false},"excerpt":{"rendered":"<p>Illuminez vos \u00e9v\u00e9nements avec nos ballons en latex \u00ab\u00a0Neon\u00a0\u00bb ! Ces ballons vibrants et \u00e9clatants de 30 cm sont con\u00e7us<\/p>","protected":false},"featured_media":28294,"template":"","meta":[],"product_brand":[],"product_cat":[324,130],"product_tag":[],"class_list":{"0":"post-28278","1":"product","2":"type-product","3":"status-publish","4":"has-post-thumbnail","6":"product_cat-latex","7":"product_cat-helium","9":"first","10":"instock","11":"shipping-taxable","12":"purchasable","13":"product-type-variable"},"aioseo_notices":[],"jetpack_sharing_enabled":true,"_links":{"self":[{"href":"https:\/\/otop.ch\/en\/wp-json\/wp\/v2\/product\/28278"}],"collection":[{"href":"https:\/\/otop.ch\/en\/wp-json\/wp\/v2\/product"}],"about":[{"href":"https:\/\/otop.ch\/en\/wp-json\/wp\/v2\/types\/product"}],"version-history":[{"count":3,"href":"https:\/\/otop.ch\/en\/wp-json\/wp\/v2\/product\/28278\/revisions"}],"predecessor-version":[{"id":29290,"href":"https:\/\/otop.ch\/en\/wp-json\/wp\/v2\/product\/28278\/revisions\/29290"}],"wp:featuredmedia":[{"embeddable":true,"href":"https:\/\/otop.ch\/en\/wp-json\/wp\/v2\/media\/28294"}],"wp:attachment":[{"href":"https:\/\/otop.ch\/en\/wp-json\/wp\/v2\/media?parent=28278"}],"wp:term":[{"taxonomy":"product_brand","embeddable":true,"href":"https:\/\/otop.ch\/en\/wp-json\/wp\/v2\/product_brand?post=28278"},{"taxonomy":"product_cat","embeddable":true,"href":"https:\/\/otop.ch\/en\/wp-json\/wp\/v2\/product_cat?post=28278"},{"taxonomy":"product_tag","embeddable":true,"href":"https:\/\/otop.ch\/en\/wp-json\/wp\/v2\/product_tag?post=28278"}],"curies":[{"name":"wp","href":"https:\/\/api.w.org\/{rel}","templated":true}]}}