{"id":28311,"date":"2024-07-24T19:38:37","date_gmt":"2024-07-24T17:38:37","guid":{"rendered":"http:\/\/otop.ch\/?post_type=product&#038;p=28311"},"modified":"2024-10-27T21:05:55","modified_gmt":"2024-10-27T20:05:55","slug":"solid","status":"publish","type":"product","link":"https:\/\/otop.ch\/en\/product\/solid\/","title":{"rendered":"Solid"},"content":{"rendered":"<div class=\"title\">\n<p>Ajoutez une touche de couleur vive et affirm\u00e9e \u00e0 vos \u00e9v\u00e9nements avec nos ballons en latex <strong>\u00ab\u00a0Solid\u00a0\u00bb<\/strong>.<\/p>\n<p>Ces ballons de <strong>30cm, <\/strong>robustes et unis sont parfaits pour cr\u00e9er une d\u00e9coration qui se d\u00e9marque, gr\u00e2ce \u00e0 leurs teintes \u00e9clatantes et leur fini impeccable.<\/p>\n<p>Que ce soit pour un anniversaire, un mariage, ou toute autre occasion festive, les ballons <strong>\u00ab\u00a0Solid\u00a0\u00bb<\/strong> apportent une intensit\u00e9 visuelle qui capte l&rsquo;attention.<br \/>\nDisponibles dans une large gamme de couleurs, ces ballons sont id\u00e9aux pour cr\u00e9er des compositions fortes et marquantes.<\/p>\n<p><em>*Disponible en plusieurs couleurs \u00e9clatantes et plusieurs tailles pour une d\u00e9coration percutante et vibrante.<\/em><\/p>\n<\/div>","protected":false},"excerpt":{"rendered":"<p>Ajoutez une touche de couleur vive et affirm\u00e9e \u00e0 vos \u00e9v\u00e9nements avec nos ballons en latex \u00ab\u00a0Solid\u00a0\u00bb. Ces ballons de<\/p>","protected":false},"featured_media":28313,"template":"","meta":[],"product_brand":[],"product_cat":[324,130],"product_tag":[],"class_list":{"0":"post-28311","1":"product","2":"type-product","3":"status-publish","4":"has-post-thumbnail","6":"product_cat-latex","7":"product_cat-helium","9":"first","10":"instock","11":"shipping-taxable","12":"purchasable","13":"product-type-variable"},"aioseo_notices":[],"jetpack_sharing_enabled":true,"_links":{"self":[{"href":"https:\/\/otop.ch\/en\/wp-json\/wp\/v2\/product\/28311"}],"collection":[{"href":"https:\/\/otop.ch\/en\/wp-json\/wp\/v2\/product"}],"about":[{"href":"https:\/\/otop.ch\/en\/wp-json\/wp\/v2\/types\/product"}],"version-history":[{"count":4,"href":"https:\/\/otop.ch\/en\/wp-json\/wp\/v2\/product\/28311\/revisions"}],"predecessor-version":[{"id":29288,"href":"https:\/\/otop.ch\/en\/wp-json\/wp\/v2\/product\/28311\/revisions\/29288"}],"wp:featuredmedia":[{"embeddable":true,"href":"https:\/\/otop.ch\/en\/wp-json\/wp\/v2\/media\/28313"}],"wp:attachment":[{"href":"https:\/\/otop.ch\/en\/wp-json\/wp\/v2\/media?parent=28311"}],"wp:term":[{"taxonomy":"product_brand","embeddable":true,"href":"https:\/\/otop.ch\/en\/wp-json\/wp\/v2\/product_brand?post=28311"},{"taxonomy":"product_cat","embeddable":true,"href":"https:\/\/otop.ch\/en\/wp-json\/wp\/v2\/product_cat?post=28311"},{"taxonomy":"product_tag","embeddable":true,"href":"https:\/\/otop.ch\/en\/wp-json\/wp\/v2\/product_tag?post=28311"}],"curies":[{"name":"wp","href":"https:\/\/api.w.org\/{rel}","templated":true}]}}