{"id":28437,"date":"2024-07-24T21:06:14","date_gmt":"2024-07-24T19:06:14","guid":{"rendered":"http:\/\/otop.ch\/?post_type=product&#038;p=28437"},"modified":"2024-10-27T21:03:31","modified_gmt":"2024-10-27T20:03:31","slug":"pastel-dusk","status":"publish","type":"product","link":"https:\/\/otop.ch\/en\/product\/pastel-dusk\/","title":{"rendered":"Pastel Dusk"},"content":{"rendered":"<div class=\"title\">\n<p>Cr\u00e9ez une ambiance \u00e9l\u00e9gante et myst\u00e9rieuse avec nos ballons en latex <strong>\u00ab\u00a0Pastel Dusk\u00a0\u00bb<\/strong>.<\/p>\n<p>Ces ballons offrent de <strong>30cm<\/strong> des teintes douces et subtiles inspir\u00e9es du cr\u00e9puscule, parfaites pour des \u00e9v\u00e9nements en soir\u00e9e ou des c\u00e9l\u00e9brations intimes.<\/p>\n<p>Le fini mat apporte une touche de sophistication, tandis que les couleurs pastel du soir ajoutent une sensation de calme et de s\u00e9r\u00e9nit\u00e9 \u00e0 votre d\u00e9coration.<br \/>\nLes ballons <strong>\u00ab\u00a0Pastel Dusk\u00a0\u00bb<\/strong> sont id\u00e9als pour ceux qui recherchent une esth\u00e9tique moderne et apaisante, parfaite pour mariages, anniversaires ou f\u00eates \u00e0 th\u00e8me.<\/p>\n<p><em>*Disponible en plusieurs nuances de cr\u00e9puscule et plusieurs tailles pour s&rsquo;adapter \u00e0 l&rsquo;atmosph\u00e8re unique de votre \u00e9v\u00e9nement.<\/em><\/p>\n<\/div>","protected":false},"excerpt":{"rendered":"<p>Cr\u00e9ez une ambiance \u00e9l\u00e9gante et myst\u00e9rieuse avec nos ballons en latex \u00ab\u00a0Pastel Dusk\u00a0\u00bb. Ces ballons offrent de 30cm des teintes<\/p>","protected":false},"featured_media":28438,"template":"","meta":[],"product_brand":[],"product_cat":[324,130],"product_tag":[],"class_list":{"0":"post-28437","1":"product","2":"type-product","3":"status-publish","4":"has-post-thumbnail","6":"product_cat-latex","7":"product_cat-helium","9":"first","10":"instock","11":"shipping-taxable","12":"purchasable","13":"product-type-variable"},"aioseo_notices":[],"jetpack_sharing_enabled":true,"_links":{"self":[{"href":"https:\/\/otop.ch\/en\/wp-json\/wp\/v2\/product\/28437"}],"collection":[{"href":"https:\/\/otop.ch\/en\/wp-json\/wp\/v2\/product"}],"about":[{"href":"https:\/\/otop.ch\/en\/wp-json\/wp\/v2\/types\/product"}],"version-history":[{"count":3,"href":"https:\/\/otop.ch\/en\/wp-json\/wp\/v2\/product\/28437\/revisions"}],"predecessor-version":[{"id":29287,"href":"https:\/\/otop.ch\/en\/wp-json\/wp\/v2\/product\/28437\/revisions\/29287"}],"wp:featuredmedia":[{"embeddable":true,"href":"https:\/\/otop.ch\/en\/wp-json\/wp\/v2\/media\/28438"}],"wp:attachment":[{"href":"https:\/\/otop.ch\/en\/wp-json\/wp\/v2\/media?parent=28437"}],"wp:term":[{"taxonomy":"product_brand","embeddable":true,"href":"https:\/\/otop.ch\/en\/wp-json\/wp\/v2\/product_brand?post=28437"},{"taxonomy":"product_cat","embeddable":true,"href":"https:\/\/otop.ch\/en\/wp-json\/wp\/v2\/product_cat?post=28437"},{"taxonomy":"product_tag","embeddable":true,"href":"https:\/\/otop.ch\/en\/wp-json\/wp\/v2\/product_tag?post=28437"}],"curies":[{"name":"wp","href":"https:\/\/api.w.org\/{rel}","templated":true}]}}