{"id":28450,"date":"2024-07-24T21:19:15","date_gmt":"2024-07-24T19:19:15","guid":{"rendered":"http:\/\/otop.ch\/?post_type=product&#038;p=28450"},"modified":"2024-10-27T21:02:33","modified_gmt":"2024-10-27T20:02:33","slug":"pastel-matte","status":"publish","type":"product","link":"https:\/\/otop.ch\/en\/product\/pastel-matte\/","title":{"rendered":"Pastel Matte"},"content":{"rendered":"<div class=\"title\">\n<p>Apportez une ambiance douce et apaisante \u00e0 vos \u00e9v\u00e9nements avec nos ballons en latex <strong>\u00ab\u00a0Pastel Matte\u00a0\u00bb<\/strong>.<\/p>\n<p>Ces ballons de <strong>30 cm<\/strong> sont parfaits pour ajouter une touche de couleur subtile et \u00e9l\u00e9gante, tout en conservant un fini mat qui \u00e9vite les reflets.<\/p>\n<p>Id\u00e9als pour les baby showers, les f\u00eates d&rsquo;anniversaire, ou toute autre occasion sp\u00e9ciale o\u00f9 vous souhaitez cr\u00e9er une atmosph\u00e8re sereine et raffin\u00e9e.<br \/>\nLes ballons <strong>\u00ab\u00a0Pastel Matte\u00a0\u00bb<\/strong> sont disponibles dans une gamme de couleurs tendres et modernes, parfaits pour compl\u00e9ter n&rsquo;importe quel th\u00e8me.<\/p>\n<p><em>*Disponible en plusieurs teintes pastel et plusieurs tailles pour une d\u00e9coration harmonieuse et d\u00e9licate.<\/em><\/p>\n<\/div>","protected":false},"excerpt":{"rendered":"<p>Apportez une ambiance douce et apaisante \u00e0 vos \u00e9v\u00e9nements avec nos ballons en latex \u00ab\u00a0Pastel Matte\u00a0\u00bb. Ces ballons de 30<\/p>","protected":false},"featured_media":28451,"template":"","meta":[],"product_brand":[],"product_cat":[324,130],"product_tag":[],"class_list":{"0":"post-28450","1":"product","2":"type-product","3":"status-publish","4":"has-post-thumbnail","6":"product_cat-latex","7":"product_cat-helium","9":"first","10":"instock","11":"shipping-taxable","12":"purchasable","13":"product-type-variable"},"aioseo_notices":[],"jetpack_sharing_enabled":true,"_links":{"self":[{"href":"https:\/\/otop.ch\/en\/wp-json\/wp\/v2\/product\/28450"}],"collection":[{"href":"https:\/\/otop.ch\/en\/wp-json\/wp\/v2\/product"}],"about":[{"href":"https:\/\/otop.ch\/en\/wp-json\/wp\/v2\/types\/product"}],"version-history":[{"count":3,"href":"https:\/\/otop.ch\/en\/wp-json\/wp\/v2\/product\/28450\/revisions"}],"predecessor-version":[{"id":29286,"href":"https:\/\/otop.ch\/en\/wp-json\/wp\/v2\/product\/28450\/revisions\/29286"}],"wp:featuredmedia":[{"embeddable":true,"href":"https:\/\/otop.ch\/en\/wp-json\/wp\/v2\/media\/28451"}],"wp:attachment":[{"href":"https:\/\/otop.ch\/en\/wp-json\/wp\/v2\/media?parent=28450"}],"wp:term":[{"taxonomy":"product_brand","embeddable":true,"href":"https:\/\/otop.ch\/en\/wp-json\/wp\/v2\/product_brand?post=28450"},{"taxonomy":"product_cat","embeddable":true,"href":"https:\/\/otop.ch\/en\/wp-json\/wp\/v2\/product_cat?post=28450"},{"taxonomy":"product_tag","embeddable":true,"href":"https:\/\/otop.ch\/en\/wp-json\/wp\/v2\/product_tag?post=28450"}],"curies":[{"name":"wp","href":"https:\/\/api.w.org\/{rel}","templated":true}]}}