{"id":28465,"date":"2024-07-24T21:33:37","date_gmt":"2024-07-24T19:33:37","guid":{"rendered":"http:\/\/otop.ch\/?post_type=product&#038;p=28465"},"modified":"2024-10-27T21:01:46","modified_gmt":"2024-10-27T20:01:46","slug":"pearl","status":"publish","type":"product","link":"https:\/\/otop.ch\/en\/product\/pearl\/","title":{"rendered":"Pearl"},"content":{"rendered":"<div class=\"title\">\n<p>Ajoutez une touche de sophistication \u00e0 vos \u00e9v\u00e9nements avec nos ballons en latex <strong>\u00ab\u00a0Pearl\u00a0\u00bb<\/strong>.<\/p>\n<p>Ces ballons de <strong>30 cm<\/strong> sont dot\u00e9s d&rsquo;un \u00e9clat nacr\u00e9 subtil qui capte la lumi\u00e8re et ajoute une \u00e9l\u00e9gance discr\u00e8te \u00e0 toute d\u00e9coration.<\/p>\n<p>Parfait pour les mariages, les anniversaires, ou tout autre \u00e9v\u00e9nement sp\u00e9cial o\u00f9 vous souhaitez apporter une ambiance raffin\u00e9e.<br \/>\nLes ballons <strong>\u00ab\u00a0Pearl\u00a0\u00bb<\/strong> sont disponibles dans une vari\u00e9t\u00e9 de couleurs douces et \u00e9l\u00e9gantes, id\u00e9ales pour cr\u00e9er une atmosph\u00e8re chic et intemporelle.<\/p>\n<p><em>*Disponibles en plusieurs couleurs et tailles pour s&rsquo;adapter \u00e0 tous vos th\u00e8mes et \u00e9v\u00e9nements.<\/em><\/p>\n<\/div>","protected":false},"excerpt":{"rendered":"<p>Ajoutez une touche de sophistication \u00e0 vos \u00e9v\u00e9nements avec nos ballons en latex \u00ab\u00a0Pearl\u00a0\u00bb. Ces ballons de 30 cm sont<\/p>","protected":false},"featured_media":28466,"template":"","meta":[],"product_brand":[],"product_cat":[324,130],"product_tag":[],"class_list":{"0":"post-28465","1":"product","2":"type-product","3":"status-publish","4":"has-post-thumbnail","6":"product_cat-latex","7":"product_cat-helium","9":"first","10":"instock","11":"shipping-taxable","12":"purchasable","13":"product-type-variable"},"aioseo_notices":[],"jetpack_sharing_enabled":true,"_links":{"self":[{"href":"https:\/\/otop.ch\/en\/wp-json\/wp\/v2\/product\/28465"}],"collection":[{"href":"https:\/\/otop.ch\/en\/wp-json\/wp\/v2\/product"}],"about":[{"href":"https:\/\/otop.ch\/en\/wp-json\/wp\/v2\/types\/product"}],"version-history":[{"count":3,"href":"https:\/\/otop.ch\/en\/wp-json\/wp\/v2\/product\/28465\/revisions"}],"predecessor-version":[{"id":29284,"href":"https:\/\/otop.ch\/en\/wp-json\/wp\/v2\/product\/28465\/revisions\/29284"}],"wp:featuredmedia":[{"embeddable":true,"href":"https:\/\/otop.ch\/en\/wp-json\/wp\/v2\/media\/28466"}],"wp:attachment":[{"href":"https:\/\/otop.ch\/en\/wp-json\/wp\/v2\/media?parent=28465"}],"wp:term":[{"taxonomy":"product_brand","embeddable":true,"href":"https:\/\/otop.ch\/en\/wp-json\/wp\/v2\/product_brand?post=28465"},{"taxonomy":"product_cat","embeddable":true,"href":"https:\/\/otop.ch\/en\/wp-json\/wp\/v2\/product_cat?post=28465"},{"taxonomy":"product_tag","embeddable":true,"href":"https:\/\/otop.ch\/en\/wp-json\/wp\/v2\/product_tag?post=28465"}],"curies":[{"name":"wp","href":"https:\/\/api.w.org\/{rel}","templated":true}]}}