{"id":28482,"date":"2024-07-25T06:50:38","date_gmt":"2024-07-25T04:50:38","guid":{"rendered":"http:\/\/otop.ch\/?post_type=product&#038;p=28482"},"modified":"2024-08-31T22:14:22","modified_gmt":"2024-08-31T20:14:22","slug":"majeures","status":"publish","type":"product","link":"https:\/\/otop.ch\/en\/product\/majeures\/","title":{"rendered":"Majuscules"},"content":{"rendered":"<div class=\"title\">\n<div class=\"title\">\n<p>Faites une d\u00e9claration audacieuse avec notre collection <strong>\u00ab\u00a0Majuscules\u00a0\u00bb<\/strong>.<\/p>\n<p>Ces ballons en forme de lettres majuscules sont parfaits pour cr\u00e9er des messages percutants et m\u00e9morables lors de vos \u00e9v\u00e9nements.<\/p>\n<p>Qu&rsquo;il s&rsquo;agisse de composer un pr\u00e9nom, un mot-cl\u00e9, ou un slogan, chaque ballon est con\u00e7u pour \u00eatre \u00e0 la fois imposant et \u00e9l\u00e9gant, ajoutant une touche de grandeur \u00e0 votre d\u00e9coration.<br \/>\nId\u00e9al pour les anniversaires, les mariages, ou toute autre occasion o\u00f9 vous souhaitez que votre message soit vu et entendu.<\/p>\n<p><em>*Vous avez un mot ou une lettre sp\u00e9cifique en t\u00eate ? Faites-le nous savoir \u2013 nous avons encore plus de possibilit\u00e9s pour donner vie \u00e0 vos id\u00e9es !<\/em><\/p>\n<\/div>\n<\/div>","protected":false},"excerpt":{"rendered":"<p>Faites une d\u00e9claration audacieuse avec notre collection \u00ab\u00a0Majuscules\u00a0\u00bb. Ces ballons en forme de lettres majuscules sont parfaits pour cr\u00e9er des<\/p>","protected":false},"featured_media":28484,"template":"","meta":[],"product_brand":[],"product_cat":[130,182,388],"product_tag":[],"class_list":{"0":"post-28482","1":"product","2":"type-product","3":"status-publish","4":"has-post-thumbnail","6":"product_cat-helium","7":"product_cat-aluminium","8":"product_cat-lettres","10":"first","11":"instock","12":"shipping-taxable","13":"purchasable","14":"product-type-variable"},"aioseo_notices":[],"jetpack_sharing_enabled":true,"_links":{"self":[{"href":"https:\/\/otop.ch\/en\/wp-json\/wp\/v2\/product\/28482"}],"collection":[{"href":"https:\/\/otop.ch\/en\/wp-json\/wp\/v2\/product"}],"about":[{"href":"https:\/\/otop.ch\/en\/wp-json\/wp\/v2\/types\/product"}],"version-history":[{"count":5,"href":"https:\/\/otop.ch\/en\/wp-json\/wp\/v2\/product\/28482\/revisions"}],"predecessor-version":[{"id":29282,"href":"https:\/\/otop.ch\/en\/wp-json\/wp\/v2\/product\/28482\/revisions\/29282"}],"wp:featuredmedia":[{"embeddable":true,"href":"https:\/\/otop.ch\/en\/wp-json\/wp\/v2\/media\/28484"}],"wp:attachment":[{"href":"https:\/\/otop.ch\/en\/wp-json\/wp\/v2\/media?parent=28482"}],"wp:term":[{"taxonomy":"product_brand","embeddable":true,"href":"https:\/\/otop.ch\/en\/wp-json\/wp\/v2\/product_brand?post=28482"},{"taxonomy":"product_cat","embeddable":true,"href":"https:\/\/otop.ch\/en\/wp-json\/wp\/v2\/product_cat?post=28482"},{"taxonomy":"product_tag","embeddable":true,"href":"https:\/\/otop.ch\/en\/wp-json\/wp\/v2\/product_tag?post=28482"}],"curies":[{"name":"wp","href":"https:\/\/api.w.org\/{rel}","templated":true}]}}