{"id":28594,"date":"2024-07-25T07:20:01","date_gmt":"2024-07-25T05:20:01","guid":{"rendered":"http:\/\/otop.ch\/?post_type=product&#038;p=28594"},"modified":"2024-08-31T22:12:52","modified_gmt":"2024-08-31T20:12:52","slug":"minuscules","status":"publish","type":"product","link":"https:\/\/otop.ch\/en\/product\/minuscules\/","title":{"rendered":"Minuscules"},"content":{"rendered":"<div class=\"title\">\n<p>Ces petits ballons en forme de lettres minuscules sont parfaits pour cr\u00e9er des messages personnalis\u00e9s et subtils lors de vos f\u00eates.<\/p>\n<p>Qu&rsquo;il s&rsquo;agisse de composer un pr\u00e9nom, un mot doux, ou un message amusant, chaque ballon est con\u00e7u pour \u00eatre \u00e0 la fois \u00e9l\u00e9gant et ludique, tout en s&rsquo;int\u00e9grant parfaitement \u00e0 votre d\u00e9coration.<br \/>\nId\u00e9al pour les anniversaires, les baby showers, ou toute autre occasion sp\u00e9ciale o\u00f9 l&rsquo;on souhaite ajouter une note personnelle et cr\u00e9ative.<\/p>\n<p><em>*Vous ne trouvez pas la lettre ou le mot parfait ? Dites-le nous \u2013 nous avons encore plus de caract\u00e8res disponibles pour rendre votre message unique !<\/em><\/p>\n<\/div>","protected":false},"excerpt":{"rendered":"<p>Ces petits ballons en forme de lettres minuscules sont parfaits pour cr\u00e9er des messages personnalis\u00e9s et subtils lors de vos<\/p>","protected":false},"featured_media":28595,"template":"","meta":[],"product_brand":[],"product_cat":[130,182,388],"product_tag":[],"class_list":{"0":"post-28594","1":"product","2":"type-product","3":"status-publish","4":"has-post-thumbnail","6":"product_cat-helium","7":"product_cat-aluminium","8":"product_cat-lettres","10":"first","11":"instock","12":"shipping-taxable","13":"purchasable","14":"product-type-variable"},"aioseo_notices":[],"jetpack_sharing_enabled":true,"_links":{"self":[{"href":"https:\/\/otop.ch\/en\/wp-json\/wp\/v2\/product\/28594"}],"collection":[{"href":"https:\/\/otop.ch\/en\/wp-json\/wp\/v2\/product"}],"about":[{"href":"https:\/\/otop.ch\/en\/wp-json\/wp\/v2\/types\/product"}],"version-history":[{"count":3,"href":"https:\/\/otop.ch\/en\/wp-json\/wp\/v2\/product\/28594\/revisions"}],"predecessor-version":[{"id":29281,"href":"https:\/\/otop.ch\/en\/wp-json\/wp\/v2\/product\/28594\/revisions\/29281"}],"wp:featuredmedia":[{"embeddable":true,"href":"https:\/\/otop.ch\/en\/wp-json\/wp\/v2\/media\/28595"}],"wp:attachment":[{"href":"https:\/\/otop.ch\/en\/wp-json\/wp\/v2\/media?parent=28594"}],"wp:term":[{"taxonomy":"product_brand","embeddable":true,"href":"https:\/\/otop.ch\/en\/wp-json\/wp\/v2\/product_brand?post=28594"},{"taxonomy":"product_cat","embeddable":true,"href":"https:\/\/otop.ch\/en\/wp-json\/wp\/v2\/product_cat?post=28594"},{"taxonomy":"product_tag","embeddable":true,"href":"https:\/\/otop.ch\/en\/wp-json\/wp\/v2\/product_tag?post=28594"}],"curies":[{"name":"wp","href":"https:\/\/api.w.org\/{rel}","templated":true}]}}