{"id":28609,"date":"2024-07-25T11:57:17","date_gmt":"2024-07-25T09:57:17","guid":{"rendered":"http:\/\/otop.ch\/?post_type=product&#038;p=28609"},"modified":"2024-10-27T13:18:05","modified_gmt":"2024-10-27T12:18:05","slug":"fleures-plantes","status":"publish","type":"product","link":"https:\/\/otop.ch\/en\/product\/fleures-plantes\/","title":{"rendered":"Plantes"},"content":{"rendered":"<div class=\"title\">\n<p>Les ballons inspir\u00e9s par la nature sont parfaits pour cr\u00e9er une ambiance sereine et organique, id\u00e9ale pour les f\u00eates en plein air, les mariages, ou toute autre c\u00e9l\u00e9bration.<\/p>\n<p>Que ce soit des feuilles tropicales, des cactus stylis\u00e9s, ou des plantes grimpantes, chaque ballon est con\u00e7u pour transformer votre espace en une v\u00e9ritable oasis de verdure.<br \/>\nCette collection est id\u00e9ale pour ceux qui souhaitent ajouter une touche naturelle et \u00e9l\u00e9gante \u00e0 leur d\u00e9cor.<\/p>\n<p><em>*Vous cherchez une plante sp\u00e9cifique ou un style particulier ? Faites-le nous savoir \u2013 nous avons encore plus d&rsquo;options pour cr\u00e9er l&rsquo;ambiance verte parfaite !<\/em><\/p>\n<\/div>","protected":false},"excerpt":{"rendered":"<p>Les ballons inspir\u00e9s par la nature sont parfaits pour cr\u00e9er une ambiance sereine et organique, id\u00e9ale pour les f\u00eates en<\/p>","protected":false},"featured_media":28610,"template":"","meta":[],"product_brand":[],"product_cat":[419,130,182],"product_tag":[],"class_list":{"0":"post-28609","1":"product","2":"type-product","3":"status-publish","4":"has-post-thumbnail","6":"product_cat-thematique","7":"product_cat-helium","8":"product_cat-aluminium","10":"first","11":"instock","12":"shipping-taxable","13":"purchasable","14":"product-type-variable"},"aioseo_notices":[],"jetpack_sharing_enabled":true,"_links":{"self":[{"href":"https:\/\/otop.ch\/en\/wp-json\/wp\/v2\/product\/28609"}],"collection":[{"href":"https:\/\/otop.ch\/en\/wp-json\/wp\/v2\/product"}],"about":[{"href":"https:\/\/otop.ch\/en\/wp-json\/wp\/v2\/types\/product"}],"version-history":[{"count":4,"href":"https:\/\/otop.ch\/en\/wp-json\/wp\/v2\/product\/28609\/revisions"}],"predecessor-version":[{"id":29279,"href":"https:\/\/otop.ch\/en\/wp-json\/wp\/v2\/product\/28609\/revisions\/29279"}],"wp:featuredmedia":[{"embeddable":true,"href":"https:\/\/otop.ch\/en\/wp-json\/wp\/v2\/media\/28610"}],"wp:attachment":[{"href":"https:\/\/otop.ch\/en\/wp-json\/wp\/v2\/media?parent=28609"}],"wp:term":[{"taxonomy":"product_brand","embeddable":true,"href":"https:\/\/otop.ch\/en\/wp-json\/wp\/v2\/product_brand?post=28609"},{"taxonomy":"product_cat","embeddable":true,"href":"https:\/\/otop.ch\/en\/wp-json\/wp\/v2\/product_cat?post=28609"},{"taxonomy":"product_tag","embeddable":true,"href":"https:\/\/otop.ch\/en\/wp-json\/wp\/v2\/product_tag?post=28609"}],"curies":[{"name":"wp","href":"https:\/\/api.w.org\/{rel}","templated":true}]}}