{"id":28630,"date":"2024-07-25T12:58:52","date_gmt":"2024-07-25T10:58:52","guid":{"rendered":"http:\/\/otop.ch\/?post_type=product&#038;p=28630"},"modified":"2024-08-31T22:09:33","modified_gmt":"2024-08-31T20:09:33","slug":"bebe","status":"publish","type":"product","link":"https:\/\/otop.ch\/en\/product\/bebe\/","title":{"rendered":"B\u00e9b\u00e9"},"content":{"rendered":"<div class=\"title\">\n<p>Ces ballons d\u00e9licats et charmants sont parfaits pour les baby showers, les bapt\u00eames, ou les premi\u00e8res f\u00eates d&rsquo;anniversaire.<\/p>\n<p>Que ce soit des motifs de t\u00e9tines, des oursons adorables, ou des ballons en forme de biberons, chaque ballon est con\u00e7u pour apporter tendresse et joie \u00e0 votre \u00e9v\u00e9nement.<br \/>\nCette collection est id\u00e9ale pour c\u00e9l\u00e9brer l&rsquo;arriv\u00e9e d&rsquo;un nouveau-n\u00e9 ou pour marquer les premiers moments sp\u00e9ciaux de la vie d&rsquo;un enfant.<\/p>\n<p><em>*Si vous avez une demande sp\u00e9ciale ou un th\u00e8me en t\u00eate, faites-le nous savoir \u2013 nous avons encore plus de surprises douces pour embellir votre f\u00eate !<\/em><\/p>\n<\/div>","protected":false},"excerpt":{"rendered":"<p>Ces ballons d\u00e9licats et charmants sont parfaits pour les baby showers, les bapt\u00eames, ou les premi\u00e8res f\u00eates d&rsquo;anniversaire. Que ce<\/p>","protected":false},"featured_media":28633,"template":"","meta":[],"product_brand":[],"product_cat":[419,130,182],"product_tag":[],"class_list":{"0":"post-28630","1":"product","2":"type-product","3":"status-publish","4":"has-post-thumbnail","6":"product_cat-thematique","7":"product_cat-helium","8":"product_cat-aluminium","10":"first","11":"instock","12":"shipping-taxable","13":"purchasable","14":"product-type-variable"},"aioseo_notices":[],"jetpack_sharing_enabled":true,"_links":{"self":[{"href":"https:\/\/otop.ch\/en\/wp-json\/wp\/v2\/product\/28630"}],"collection":[{"href":"https:\/\/otop.ch\/en\/wp-json\/wp\/v2\/product"}],"about":[{"href":"https:\/\/otop.ch\/en\/wp-json\/wp\/v2\/types\/product"}],"version-history":[{"count":4,"href":"https:\/\/otop.ch\/en\/wp-json\/wp\/v2\/product\/28630\/revisions"}],"predecessor-version":[{"id":29277,"href":"https:\/\/otop.ch\/en\/wp-json\/wp\/v2\/product\/28630\/revisions\/29277"}],"wp:featuredmedia":[{"embeddable":true,"href":"https:\/\/otop.ch\/en\/wp-json\/wp\/v2\/media\/28633"}],"wp:attachment":[{"href":"https:\/\/otop.ch\/en\/wp-json\/wp\/v2\/media?parent=28630"}],"wp:term":[{"taxonomy":"product_brand","embeddable":true,"href":"https:\/\/otop.ch\/en\/wp-json\/wp\/v2\/product_brand?post=28630"},{"taxonomy":"product_cat","embeddable":true,"href":"https:\/\/otop.ch\/en\/wp-json\/wp\/v2\/product_cat?post=28630"},{"taxonomy":"product_tag","embeddable":true,"href":"https:\/\/otop.ch\/en\/wp-json\/wp\/v2\/product_tag?post=28630"}],"curies":[{"name":"wp","href":"https:\/\/api.w.org\/{rel}","templated":true}]}}