{"id":28688,"date":"2024-07-25T18:56:01","date_gmt":"2024-07-25T16:56:01","guid":{"rendered":"http:\/\/otop.ch\/?post_type=product&#038;p=28688"},"modified":"2024-08-31T22:08:09","modified_gmt":"2024-08-31T20:08:09","slug":"animaux","status":"publish","type":"product","link":"https:\/\/otop.ch\/en\/product\/animaux\/","title":{"rendered":"Animaux"},"content":{"rendered":"<p>Transformez votre f\u00eate en une v\u00e9ritable aventure sauvage avec notre collection <strong>\u00ab\u00a0Animaux\u00a0\u00bb<\/strong>.<\/p>\n<p>Ces ballons inspir\u00e9s de la faune sont parfaits pour les petits explorateurs et les passionn\u00e9s de nature.<\/p>\n<p>Qu&rsquo;il s&rsquo;agisse d&rsquo;un lion, d&rsquo;un \u00e9l\u00e9phant, ou d&rsquo;un adorable panda, chaque ballon apporte une touche de vie et de fantaisie \u00e0 votre \u00e9v\u00e9nement.<br \/>\nId\u00e9ale pour les anniversaires et les f\u00eates \u00e0 th\u00e8me, cette collection ajoute une ambiance ludique et anim\u00e9e, captivant l&rsquo;imagination de tous vos invit\u00e9s.<\/p>\n<p><em>*Et si votre animal pr\u00e9f\u00e9r\u00e9 n&rsquo;est pas encore l\u00e0, faites-le nous savoir \u2013 notre r\u00e9serve sauvage est toujours pr\u00eate \u00e0 grandir pour surprendre vos invit\u00e9s !<\/em><\/p>","protected":false},"excerpt":{"rendered":"<p>Transformez votre f\u00eate en une v\u00e9ritable aventure sauvage avec notre collection \u00ab\u00a0Animaux\u00a0\u00bb. Ces ballons inspir\u00e9s de la faune sont parfaits<\/p>","protected":false},"featured_media":28771,"template":"","meta":[],"product_brand":[],"product_cat":[419,130,182],"product_tag":[],"class_list":{"0":"post-28688","1":"product","2":"type-product","3":"status-publish","4":"has-post-thumbnail","6":"product_cat-thematique","7":"product_cat-helium","8":"product_cat-aluminium","10":"first","11":"instock","12":"shipping-taxable","13":"purchasable","14":"product-type-variable"},"aioseo_notices":[],"jetpack_sharing_enabled":true,"_links":{"self":[{"href":"https:\/\/otop.ch\/en\/wp-json\/wp\/v2\/product\/28688"}],"collection":[{"href":"https:\/\/otop.ch\/en\/wp-json\/wp\/v2\/product"}],"about":[{"href":"https:\/\/otop.ch\/en\/wp-json\/wp\/v2\/types\/product"}],"version-history":[{"count":5,"href":"https:\/\/otop.ch\/en\/wp-json\/wp\/v2\/product\/28688\/revisions"}],"predecessor-version":[{"id":29276,"href":"https:\/\/otop.ch\/en\/wp-json\/wp\/v2\/product\/28688\/revisions\/29276"}],"wp:featuredmedia":[{"embeddable":true,"href":"https:\/\/otop.ch\/en\/wp-json\/wp\/v2\/media\/28771"}],"wp:attachment":[{"href":"https:\/\/otop.ch\/en\/wp-json\/wp\/v2\/media?parent=28688"}],"wp:term":[{"taxonomy":"product_brand","embeddable":true,"href":"https:\/\/otop.ch\/en\/wp-json\/wp\/v2\/product_brand?post=28688"},{"taxonomy":"product_cat","embeddable":true,"href":"https:\/\/otop.ch\/en\/wp-json\/wp\/v2\/product_cat?post=28688"},{"taxonomy":"product_tag","embeddable":true,"href":"https:\/\/otop.ch\/en\/wp-json\/wp\/v2\/product_tag?post=28688"}],"curies":[{"name":"wp","href":"https:\/\/api.w.org\/{rel}","templated":true}]}}