{"id":28828,"date":"2024-08-16T14:30:59","date_gmt":"2024-08-16T12:30:59","guid":{"rendered":"https:\/\/otop.ch\/?post_type=product&#038;p=28828"},"modified":"2024-08-31T21:48:36","modified_gmt":"2024-08-31T19:48:36","slug":"aquatique","status":"publish","type":"product","link":"https:\/\/otop.ch\/en\/product\/aquatique\/","title":{"rendered":"Aquatique"},"content":{"rendered":"<div class=\"title\">\n<p>Des ballons inspir\u00e9s par l&rsquo;univers marin, parfaits pour des f\u00eates qui \u00e9voquent l&rsquo;oc\u00e9an et ses merveilles !<br \/>\nDes poissons color\u00e9s aux cr\u00e9atures marines myst\u00e9rieuses, ces ballons apportent une touche de fra\u00eecheur et d&rsquo;aventure \u00e0 votre \u00e9v\u00e9nement.<br \/>\nChaque mod\u00e8le est soigneusement s\u00e9lectionn\u00e9 pour recr\u00e9er l&rsquo;ambiance d&rsquo;une plong\u00e9e sous-marine, id\u00e9ale pour ceux qui r\u00eavent d&rsquo;exploration et de d\u00e9couverte.<\/p>\n<p><em>*Si vous ne trouvez pas votre cr\u00e9ature marine pr\u00e9f\u00e9r\u00e9e, faites-le nous savoir \u2013 nous avons toujours plus de tr\u00e9sors marins \u00e0 d\u00e9voiler pour rendre votre f\u00eate encore plus m\u00e9morable !<\/em><\/p>\n<\/div>","protected":false},"excerpt":{"rendered":"<p>Des ballons inspir\u00e9s par l&rsquo;univers marin, parfaits pour des f\u00eates qui \u00e9voquent l&rsquo;oc\u00e9an et ses merveilles ! Des poissons color\u00e9s<\/p>","protected":false},"featured_media":28830,"template":"","meta":[],"product_brand":[],"product_cat":[419,130,182],"product_tag":[],"class_list":{"0":"post-28828","1":"product","2":"type-product","3":"status-publish","4":"has-post-thumbnail","6":"product_cat-thematique","7":"product_cat-helium","8":"product_cat-aluminium","10":"first","11":"instock","12":"shipping-taxable","13":"purchasable","14":"product-type-variable"},"aioseo_notices":[],"jetpack_sharing_enabled":true,"_links":{"self":[{"href":"https:\/\/otop.ch\/en\/wp-json\/wp\/v2\/product\/28828"}],"collection":[{"href":"https:\/\/otop.ch\/en\/wp-json\/wp\/v2\/product"}],"about":[{"href":"https:\/\/otop.ch\/en\/wp-json\/wp\/v2\/types\/product"}],"version-history":[{"count":3,"href":"https:\/\/otop.ch\/en\/wp-json\/wp\/v2\/product\/28828\/revisions"}],"predecessor-version":[{"id":29272,"href":"https:\/\/otop.ch\/en\/wp-json\/wp\/v2\/product\/28828\/revisions\/29272"}],"wp:featuredmedia":[{"embeddable":true,"href":"https:\/\/otop.ch\/en\/wp-json\/wp\/v2\/media\/28830"}],"wp:attachment":[{"href":"https:\/\/otop.ch\/en\/wp-json\/wp\/v2\/media?parent=28828"}],"wp:term":[{"taxonomy":"product_brand","embeddable":true,"href":"https:\/\/otop.ch\/en\/wp-json\/wp\/v2\/product_brand?post=28828"},{"taxonomy":"product_cat","embeddable":true,"href":"https:\/\/otop.ch\/en\/wp-json\/wp\/v2\/product_cat?post=28828"},{"taxonomy":"product_tag","embeddable":true,"href":"https:\/\/otop.ch\/en\/wp-json\/wp\/v2\/product_tag?post=28828"}],"curies":[{"name":"wp","href":"https:\/\/api.w.org\/{rel}","templated":true}]}}