{"id":28856,"date":"2024-08-16T14:50:37","date_gmt":"2024-08-16T12:50:37","guid":{"rendered":"https:\/\/otop.ch\/?post_type=product&#038;p=28856"},"modified":"2024-08-31T21:47:20","modified_gmt":"2024-08-31T19:47:20","slug":"insectes","status":"publish","type":"product","link":"https:\/\/otop.ch\/en\/product\/insectes\/","title":{"rendered":"Insectes"},"content":{"rendered":"<div class=\"title\">\n<p>Entrez dans le monde fascinant des <strong>\u00ab\u00a0Insectes\u00a0\u00bb<\/strong> avec notre collection de ballons vibrants et d\u00e9taill\u00e9s !<br \/>\nParfaits pour les petits explorateurs et les passionn\u00e9s de nature, ces ballons en forme de coccinelles, papillons, abeilles, et autres insectes color\u00e9s ajouteront une touche de curiosit\u00e9 et de d\u00e9couverte \u00e0 votre \u00e9v\u00e9nement.<br \/>\nChaque ballon est choisi pour capturer l&rsquo;esprit de la nature et \u00e9veiller l&rsquo;imagination, rendant votre f\u00eate aussi amusante qu&rsquo;\u00e9ducative.<\/p>\n<p><em>*Vous cherchez un insecte en particulier ? Dites-le nous, nous avons toujours de nouvelles cr\u00e9atures \u00e0 ajouter \u00e0 notre collection pour rendre votre \u00e9v\u00e9nement encore plus sp\u00e9cial !<\/em><\/p>\n<\/div>","protected":false},"excerpt":{"rendered":"<p>Entrez dans le monde fascinant des \u00ab\u00a0Insectes\u00a0\u00bb avec notre collection de ballons vibrants et d\u00e9taill\u00e9s ! Parfaits pour les petits<\/p>","protected":false},"featured_media":28857,"template":"","meta":[],"product_brand":[],"product_cat":[419,130,182],"product_tag":[],"class_list":{"0":"post-28856","1":"product","2":"type-product","3":"status-publish","4":"has-post-thumbnail","6":"product_cat-thematique","7":"product_cat-helium","8":"product_cat-aluminium","10":"first","11":"instock","12":"shipping-taxable","13":"purchasable","14":"product-type-variable"},"aioseo_notices":[],"jetpack_sharing_enabled":true,"_links":{"self":[{"href":"https:\/\/otop.ch\/en\/wp-json\/wp\/v2\/product\/28856"}],"collection":[{"href":"https:\/\/otop.ch\/en\/wp-json\/wp\/v2\/product"}],"about":[{"href":"https:\/\/otop.ch\/en\/wp-json\/wp\/v2\/types\/product"}],"version-history":[{"count":3,"href":"https:\/\/otop.ch\/en\/wp-json\/wp\/v2\/product\/28856\/revisions"}],"predecessor-version":[{"id":29270,"href":"https:\/\/otop.ch\/en\/wp-json\/wp\/v2\/product\/28856\/revisions\/29270"}],"wp:featuredmedia":[{"embeddable":true,"href":"https:\/\/otop.ch\/en\/wp-json\/wp\/v2\/media\/28857"}],"wp:attachment":[{"href":"https:\/\/otop.ch\/en\/wp-json\/wp\/v2\/media?parent=28856"}],"wp:term":[{"taxonomy":"product_brand","embeddable":true,"href":"https:\/\/otop.ch\/en\/wp-json\/wp\/v2\/product_brand?post=28856"},{"taxonomy":"product_cat","embeddable":true,"href":"https:\/\/otop.ch\/en\/wp-json\/wp\/v2\/product_cat?post=28856"},{"taxonomy":"product_tag","embeddable":true,"href":"https:\/\/otop.ch\/en\/wp-json\/wp\/v2\/product_tag?post=28856"}],"curies":[{"name":"wp","href":"https:\/\/api.w.org\/{rel}","templated":true}]}}