{"id":28881,"date":"2024-08-16T16:59:44","date_gmt":"2024-08-16T14:59:44","guid":{"rendered":"https:\/\/otop.ch\/?post_type=product&#038;p=28881"},"modified":"2024-08-31T21:45:42","modified_gmt":"2024-08-31T19:45:42","slug":"exotique","status":"publish","type":"product","link":"https:\/\/otop.ch\/en\/product\/exotique\/","title":{"rendered":"Exotique"},"content":{"rendered":"<div class=\"title\">\n<p>Des ballons inspir\u00e9s par les merveilles de la nature, parfaits pour les f\u00eates qui sortent de l&rsquo;ordinaire !<br \/>\nQue ce soit des feuilles tropicales, des animaux exotiques ou des fleurs color\u00e9es, ces ballons apporteront une touche de fra\u00eecheur et d&rsquo;\u00e9vasion \u00e0 votre \u00e9v\u00e9nement.<br \/>\nChaque mod\u00e8le est soigneusement choisi pour cr\u00e9er une ambiance unique et vibrante, id\u00e9ale pour ceux qui souhaitent un d\u00e9cor qui respire l&rsquo;aventure et la beaut\u00e9 naturelle.<\/p>\n<p><em>*Et si vous avez un th\u00e8me particulier en t\u00eate, faites-le nous savoir \u2013 nous avons toujours plus d&rsquo;id\u00e9es exotiques en r\u00e9serve pour sublimer votre f\u00eate !<\/em><\/p>\n<\/div>","protected":false},"excerpt":{"rendered":"<p>Des ballons inspir\u00e9s par les merveilles de la nature, parfaits pour les f\u00eates qui sortent de l&rsquo;ordinaire ! Que ce<\/p>","protected":false},"featured_media":28882,"template":"","meta":[],"product_brand":[],"product_cat":[419,130,182],"product_tag":[],"class_list":{"0":"post-28881","1":"product","2":"type-product","3":"status-publish","4":"has-post-thumbnail","6":"product_cat-thematique","7":"product_cat-helium","8":"product_cat-aluminium","10":"first","11":"instock","12":"shipping-taxable","13":"purchasable","14":"product-type-variable"},"aioseo_notices":[],"jetpack_sharing_enabled":true,"_links":{"self":[{"href":"https:\/\/otop.ch\/en\/wp-json\/wp\/v2\/product\/28881"}],"collection":[{"href":"https:\/\/otop.ch\/en\/wp-json\/wp\/v2\/product"}],"about":[{"href":"https:\/\/otop.ch\/en\/wp-json\/wp\/v2\/types\/product"}],"version-history":[{"count":3,"href":"https:\/\/otop.ch\/en\/wp-json\/wp\/v2\/product\/28881\/revisions"}],"predecessor-version":[{"id":29268,"href":"https:\/\/otop.ch\/en\/wp-json\/wp\/v2\/product\/28881\/revisions\/29268"}],"wp:featuredmedia":[{"embeddable":true,"href":"https:\/\/otop.ch\/en\/wp-json\/wp\/v2\/media\/28882"}],"wp:attachment":[{"href":"https:\/\/otop.ch\/en\/wp-json\/wp\/v2\/media?parent=28881"}],"wp:term":[{"taxonomy":"product_brand","embeddable":true,"href":"https:\/\/otop.ch\/en\/wp-json\/wp\/v2\/product_brand?post=28881"},{"taxonomy":"product_cat","embeddable":true,"href":"https:\/\/otop.ch\/en\/wp-json\/wp\/v2\/product_cat?post=28881"},{"taxonomy":"product_tag","embeddable":true,"href":"https:\/\/otop.ch\/en\/wp-json\/wp\/v2\/product_tag?post=28881"}],"curies":[{"name":"wp","href":"https:\/\/api.w.org\/{rel}","templated":true}]}}