{"id":28906,"date":"2024-08-16T20:43:56","date_gmt":"2024-08-16T18:43:56","guid":{"rendered":"https:\/\/otop.ch\/?post_type=product&#038;p=28906"},"modified":"2024-08-31T21:43:02","modified_gmt":"2024-08-31T19:43:02","slug":"dinosaures","status":"publish","type":"product","link":"https:\/\/otop.ch\/en\/product\/dinosaures\/","title":{"rendered":"Dinosaures"},"content":{"rendered":"<p>Des ballons pr\u00e9historiques pour les petits aventuriers !<br \/>\nDes T-Rex aux tric\u00e9ratops, ces ballons sont parfaits pour ramener \u00e0 la vie ces g\u00e9ants disparus et ajouter une touche sauvage \u00e0 votre \u00e9v\u00e9nement.<br \/>\nChaque mod\u00e8le est s\u00e9lectionn\u00e9 pour capturer l&rsquo;imagination et faire rugir de plaisir les amateurs de dinosaures.<br \/>\nTransformez votre f\u00eate en une v\u00e9ritable aventure jurassique avec ces ballons dinosaures impressionnants !<\/p>\n<p><em>*Et si votre dino pr\u00e9f\u00e9r\u00e9 manque \u00e0 l\u2019appel, faites-le nous savoir \u2013 nous avons encore plus de sp\u00e9cimens en r\u00e9serve, pr\u00eats \u00e0 rugir !<\/em><\/p>","protected":false},"excerpt":{"rendered":"<p>Des ballons pr\u00e9historiques pour les petits aventuriers ! Des T-Rex aux tric\u00e9ratops, ces ballons sont parfaits pour ramener \u00e0 la<\/p>","protected":false},"featured_media":28907,"template":"","meta":[],"product_brand":[],"product_cat":[419,130,182],"product_tag":[],"class_list":{"0":"post-28906","1":"product","2":"type-product","3":"status-publish","4":"has-post-thumbnail","6":"product_cat-thematique","7":"product_cat-helium","8":"product_cat-aluminium","10":"first","11":"instock","12":"shipping-taxable","13":"purchasable","14":"product-type-variable"},"aioseo_notices":[],"jetpack_sharing_enabled":true,"_links":{"self":[{"href":"https:\/\/otop.ch\/en\/wp-json\/wp\/v2\/product\/28906"}],"collection":[{"href":"https:\/\/otop.ch\/en\/wp-json\/wp\/v2\/product"}],"about":[{"href":"https:\/\/otop.ch\/en\/wp-json\/wp\/v2\/types\/product"}],"version-history":[{"count":2,"href":"https:\/\/otop.ch\/en\/wp-json\/wp\/v2\/product\/28906\/revisions"}],"predecessor-version":[{"id":29266,"href":"https:\/\/otop.ch\/en\/wp-json\/wp\/v2\/product\/28906\/revisions\/29266"}],"wp:featuredmedia":[{"embeddable":true,"href":"https:\/\/otop.ch\/en\/wp-json\/wp\/v2\/media\/28907"}],"wp:attachment":[{"href":"https:\/\/otop.ch\/en\/wp-json\/wp\/v2\/media?parent=28906"}],"wp:term":[{"taxonomy":"product_brand","embeddable":true,"href":"https:\/\/otop.ch\/en\/wp-json\/wp\/v2\/product_brand?post=28906"},{"taxonomy":"product_cat","embeddable":true,"href":"https:\/\/otop.ch\/en\/wp-json\/wp\/v2\/product_cat?post=28906"},{"taxonomy":"product_tag","embeddable":true,"href":"https:\/\/otop.ch\/en\/wp-json\/wp\/v2\/product_tag?post=28906"}],"curies":[{"name":"wp","href":"https:\/\/api.w.org\/{rel}","templated":true}]}}