{"id":28925,"date":"2024-08-16T21:07:59","date_gmt":"2024-08-16T19:07:59","guid":{"rendered":"https:\/\/otop.ch\/?post_type=product&#038;p=28925"},"modified":"2024-08-31T21:41:10","modified_gmt":"2024-08-31T19:41:10","slug":"transports","status":"publish","type":"product","link":"https:\/\/otop.ch\/en\/product\/transports\/","title":{"rendered":"Transports"},"content":{"rendered":"<p>Des ballons qui font voyager petits et grands !<br \/>\nQue ce soit des voitures de course, des avions, des trains ou des bateaux, ces ballons sont parfaits pour les passionn\u00e9s de v\u00e9hicules et d&rsquo;aventures.<br \/>\nChaque mod\u00e8le est s\u00e9lectionn\u00e9 avec soin pour ajouter une touche de dynamisme et d&rsquo;excitation \u00e0 votre \u00e9v\u00e9nement.<\/p>\n<p>Laissez vos invit\u00e9s r\u00eaver de voyages lointains et d&rsquo;explorations sans fin avec ces ballons inspir\u00e9s des moyens de transport les plus iconiques !<\/p>\n<p><em>*Et si vous ne trouvez pas votre bonheur, dites-le-nous ! Nous avons encore plus de choix \u2013 apr\u00e8s tout, notre imagination n&rsquo;a pas de frein !<\/em><\/p>","protected":false},"excerpt":{"rendered":"<p>Des ballons qui font voyager petits et grands ! Que ce soit des voitures de course, des avions, des trains<\/p>","protected":false},"featured_media":28937,"template":"","meta":[],"product_brand":[],"product_cat":[419,130,182],"product_tag":[],"class_list":{"0":"post-28925","1":"product","2":"type-product","3":"status-publish","4":"has-post-thumbnail","6":"product_cat-thematique","7":"product_cat-helium","8":"product_cat-aluminium","10":"first","11":"instock","12":"shipping-taxable","13":"purchasable","14":"product-type-variable"},"aioseo_notices":[],"jetpack_sharing_enabled":true,"_links":{"self":[{"href":"https:\/\/otop.ch\/en\/wp-json\/wp\/v2\/product\/28925"}],"collection":[{"href":"https:\/\/otop.ch\/en\/wp-json\/wp\/v2\/product"}],"about":[{"href":"https:\/\/otop.ch\/en\/wp-json\/wp\/v2\/types\/product"}],"version-history":[{"count":3,"href":"https:\/\/otop.ch\/en\/wp-json\/wp\/v2\/product\/28925\/revisions"}],"predecessor-version":[{"id":29263,"href":"https:\/\/otop.ch\/en\/wp-json\/wp\/v2\/product\/28925\/revisions\/29263"}],"wp:featuredmedia":[{"embeddable":true,"href":"https:\/\/otop.ch\/en\/wp-json\/wp\/v2\/media\/28937"}],"wp:attachment":[{"href":"https:\/\/otop.ch\/en\/wp-json\/wp\/v2\/media?parent=28925"}],"wp:term":[{"taxonomy":"product_brand","embeddable":true,"href":"https:\/\/otop.ch\/en\/wp-json\/wp\/v2\/product_brand?post=28925"},{"taxonomy":"product_cat","embeddable":true,"href":"https:\/\/otop.ch\/en\/wp-json\/wp\/v2\/product_cat?post=28925"},{"taxonomy":"product_tag","embeddable":true,"href":"https:\/\/otop.ch\/en\/wp-json\/wp\/v2\/product_tag?post=28925"}],"curies":[{"name":"wp","href":"https:\/\/api.w.org\/{rel}","templated":true}]}}