{"id":28949,"date":"2024-08-16T21:40:32","date_gmt":"2024-08-16T19:40:32","guid":{"rendered":"https:\/\/otop.ch\/?post_type=product&#038;p=28949"},"modified":"2024-08-31T21:37:12","modified_gmt":"2024-08-31T19:37:12","slug":"ils-adorent","status":"publish","type":"product","link":"https:\/\/otop.ch\/en\/product\/ils-adorent\/","title":{"rendered":"Ils adorent !"},"content":{"rendered":"<p>Une gamme de personnages embl\u00e9matiques qui font briller les yeux des enfants et des adultes.<br \/>\nDe l&rsquo;univers des contes de f\u00e9es aux mondes des super-h\u00e9ros, ces ballons sont parfaits pour transformer n&rsquo;importe quel \u00e9v\u00e9nement en un moment magique.<br \/>\nChaque personnage est soigneusement s\u00e9lectionn\u00e9 pour apporter une touche de joie et de fantaisie \u00e0 votre f\u00eate.<\/p>\n<p>Plongez dans cet univers captivant et faites de votre c\u00e9l\u00e9bration un souvenir inoubliable avec les h\u00e9ros que tout le monde adore !<\/p>\n<p><em>*Et si vous ne trouvez pas votre bonheur, dites-le-nous ! Nous avons encore plus de choix \u2013 apr\u00e8s tout, notre imagination n&rsquo;a pas de frein !<\/em><\/p>","protected":false},"excerpt":{"rendered":"<p>Une gamme de personnages embl\u00e9matiques qui font briller les yeux des enfants et des adultes. De l&rsquo;univers des contes de<\/p>","protected":false},"featured_media":28961,"template":"","meta":[],"product_brand":[],"product_cat":[419,130,182],"product_tag":[],"class_list":{"0":"post-28949","1":"product","2":"type-product","3":"status-publish","4":"has-post-thumbnail","6":"product_cat-thematique","7":"product_cat-helium","8":"product_cat-aluminium","10":"first","11":"instock","12":"shipping-taxable","13":"purchasable","14":"product-type-variable"},"aioseo_notices":[],"jetpack_sharing_enabled":true,"_links":{"self":[{"href":"https:\/\/otop.ch\/en\/wp-json\/wp\/v2\/product\/28949"}],"collection":[{"href":"https:\/\/otop.ch\/en\/wp-json\/wp\/v2\/product"}],"about":[{"href":"https:\/\/otop.ch\/en\/wp-json\/wp\/v2\/types\/product"}],"version-history":[{"count":6,"href":"https:\/\/otop.ch\/en\/wp-json\/wp\/v2\/product\/28949\/revisions"}],"predecessor-version":[{"id":29265,"href":"https:\/\/otop.ch\/en\/wp-json\/wp\/v2\/product\/28949\/revisions\/29265"}],"wp:featuredmedia":[{"embeddable":true,"href":"https:\/\/otop.ch\/en\/wp-json\/wp\/v2\/media\/28961"}],"wp:attachment":[{"href":"https:\/\/otop.ch\/en\/wp-json\/wp\/v2\/media?parent=28949"}],"wp:term":[{"taxonomy":"product_brand","embeddable":true,"href":"https:\/\/otop.ch\/en\/wp-json\/wp\/v2\/product_brand?post=28949"},{"taxonomy":"product_cat","embeddable":true,"href":"https:\/\/otop.ch\/en\/wp-json\/wp\/v2\/product_cat?post=28949"},{"taxonomy":"product_tag","embeddable":true,"href":"https:\/\/otop.ch\/en\/wp-json\/wp\/v2\/product_tag?post=28949"}],"curies":[{"name":"wp","href":"https:\/\/api.w.org\/{rel}","templated":true}]}}