{"id":29419,"date":"2024-10-21T20:43:27","date_gmt":"2024-10-21T18:43:27","guid":{"rendered":"https:\/\/otop.ch\/?post_type=product&#038;p=29419"},"modified":"2025-01-25T19:29:38","modified_gmt":"2025-01-25T18:29:38","slug":"nr-1","status":"publish","type":"product","link":"https:\/\/otop.ch\/en\/product\/nr-1\/","title":{"rendered":"Nr 1"},"content":{"rendered":"","protected":false},"excerpt":{"rendered":"<p>Cette composition raffin\u00e9e est id\u00e9ale pour vos \u00e9v\u00e9nements, offrant une touche d&rsquo;\u00e9l\u00e9gance unique.<br \/>\nChaque ballon est compos\u00e9 de <strong>deux couches<\/strong> (un ballon blanc \u00e0 l&rsquo;int\u00e9rieur d&rsquo;un ballon transparent), cr\u00e9ant un effet de profondeur et de qualit\u00e9 sup\u00e9rieure.<\/p>\n<p>D\u00e9tails du produit :<\/p>\n<p><strong>10<\/strong> ballons double \u00e9paisseur (ballon blanc \u00e0 l&rsquo;int\u00e9rieur d&rsquo;un ballon transparent)<br \/>\n<strong>10<\/strong> c\u0153urs en vinyle appliqu\u00e9s sur les ballons<br \/>\n<strong>10<\/strong> rubans satin<\/p>\n<p><em>*Les couleurs peuvent \u00eatre modifi\u00e9es selon vos pr\u00e9f\u00e9rences, en fonction des stocks disponibles.<\/em><\/p>","protected":false},"featured_media":29439,"template":"","meta":[],"product_brand":[],"product_cat":[324,179,551,130],"product_tag":[],"class_list":{"0":"post-29419","1":"product","2":"type-product","3":"status-publish","4":"has-post-thumbnail","6":"product_cat-latex","7":"product_cat-compositions-pretes","8":"product_cat-pour-elle","9":"product_cat-helium","11":"first","12":"instock","13":"shipping-taxable","14":"purchasable","15":"product-type-simple"},"aioseo_notices":[],"jetpack_sharing_enabled":true,"_links":{"self":[{"href":"https:\/\/otop.ch\/en\/wp-json\/wp\/v2\/product\/29419"}],"collection":[{"href":"https:\/\/otop.ch\/en\/wp-json\/wp\/v2\/product"}],"about":[{"href":"https:\/\/otop.ch\/en\/wp-json\/wp\/v2\/types\/product"}],"version-history":[{"count":10,"href":"https:\/\/otop.ch\/en\/wp-json\/wp\/v2\/product\/29419\/revisions"}],"predecessor-version":[{"id":29850,"href":"https:\/\/otop.ch\/en\/wp-json\/wp\/v2\/product\/29419\/revisions\/29850"}],"wp:featuredmedia":[{"embeddable":true,"href":"https:\/\/otop.ch\/en\/wp-json\/wp\/v2\/media\/29439"}],"wp:attachment":[{"href":"https:\/\/otop.ch\/en\/wp-json\/wp\/v2\/media?parent=29419"}],"wp:term":[{"taxonomy":"product_brand","embeddable":true,"href":"https:\/\/otop.ch\/en\/wp-json\/wp\/v2\/product_brand?post=29419"},{"taxonomy":"product_cat","embeddable":true,"href":"https:\/\/otop.ch\/en\/wp-json\/wp\/v2\/product_cat?post=29419"},{"taxonomy":"product_tag","embeddable":true,"href":"https:\/\/otop.ch\/en\/wp-json\/wp\/v2\/product_tag?post=29419"}],"curies":[{"name":"wp","href":"https:\/\/api.w.org\/{rel}","templated":true}]}}