{"id":29444,"date":"2024-10-21T21:48:12","date_gmt":"2024-10-21T19:48:12","guid":{"rendered":"https:\/\/otop.ch\/?post_type=product&#038;p=29444"},"modified":"2025-01-25T19:27:38","modified_gmt":"2025-01-25T18:27:38","slug":"nr-2","status":"publish","type":"product","link":"https:\/\/otop.ch\/en\/product\/nr-2\/","title":{"rendered":"Nr 2"},"content":{"rendered":"","protected":false},"excerpt":{"rendered":"<p>Cette composition sophistiqu\u00e9e allie \u00e9l\u00e9gance et originalit\u00e9 pour sublimer vos \u00e9v\u00e9nements.<br \/>\nChaque ballon est soigneusement pr\u00e9par\u00e9 avec un effet <strong>double \u00e9paisseur<\/strong> (un ballon blanc \u00e0 l&rsquo;int\u00e9rieur d&rsquo;un ballon transparent), offrant un rendu visuel exceptionnel.<\/p>\n<p>D\u00e9tails du produit :<\/p>\n<p><strong>10<\/strong> ballons double \u00e9paisseur (ballon blanc \u00e0 l&rsquo;int\u00e9rieur d&rsquo;un ballon transparent) avec des c\u0153urs color\u00e9s en vinyle<br \/>\n<strong>1 <\/strong>ballon g\u00e9ant de 60 cm avec \u00e9criture personnalis\u00e9e<\/p>\n<p><em>*Les couleurs peuvent \u00eatre modifi\u00e9es selon vos pr\u00e9f\u00e9rences, en fonction des stocks disponibles.<\/em><\/p>","protected":false},"featured_media":29446,"template":"","meta":[],"product_brand":[],"product_cat":[324,179,551,130],"product_tag":[],"class_list":{"0":"post-29444","1":"product","2":"type-product","3":"status-publish","4":"has-post-thumbnail","6":"product_cat-latex","7":"product_cat-compositions-pretes","8":"product_cat-pour-elle","9":"product_cat-helium","11":"first","12":"instock","13":"shipping-taxable","14":"purchasable","15":"product-type-simple"},"aioseo_notices":[],"jetpack_sharing_enabled":true,"_links":{"self":[{"href":"https:\/\/otop.ch\/en\/wp-json\/wp\/v2\/product\/29444"}],"collection":[{"href":"https:\/\/otop.ch\/en\/wp-json\/wp\/v2\/product"}],"about":[{"href":"https:\/\/otop.ch\/en\/wp-json\/wp\/v2\/types\/product"}],"version-history":[{"count":4,"href":"https:\/\/otop.ch\/en\/wp-json\/wp\/v2\/product\/29444\/revisions"}],"predecessor-version":[{"id":29852,"href":"https:\/\/otop.ch\/en\/wp-json\/wp\/v2\/product\/29444\/revisions\/29852"}],"wp:featuredmedia":[{"embeddable":true,"href":"https:\/\/otop.ch\/en\/wp-json\/wp\/v2\/media\/29446"}],"wp:attachment":[{"href":"https:\/\/otop.ch\/en\/wp-json\/wp\/v2\/media?parent=29444"}],"wp:term":[{"taxonomy":"product_brand","embeddable":true,"href":"https:\/\/otop.ch\/en\/wp-json\/wp\/v2\/product_brand?post=29444"},{"taxonomy":"product_cat","embeddable":true,"href":"https:\/\/otop.ch\/en\/wp-json\/wp\/v2\/product_cat?post=29444"},{"taxonomy":"product_tag","embeddable":true,"href":"https:\/\/otop.ch\/en\/wp-json\/wp\/v2\/product_tag?post=29444"}],"curies":[{"name":"wp","href":"https:\/\/api.w.org\/{rel}","templated":true}]}}