{"id":29452,"date":"2024-10-21T22:23:18","date_gmt":"2024-10-21T20:23:18","guid":{"rendered":"https:\/\/otop.ch\/?post_type=product&#038;p=29452"},"modified":"2025-01-25T19:26:34","modified_gmt":"2025-01-25T18:26:34","slug":"nr-3","status":"publish","type":"product","link":"https:\/\/otop.ch\/en\/product\/nr-3\/","title":{"rendered":"Nr 3"},"content":{"rendered":"","protected":false},"excerpt":{"rendered":"<p>Apportez une touche unique et sophistiqu\u00e9e \u00e0 votre \u00e9v\u00e9nement avec cette composition spectaculaire de ballons en latex et aluminium, parfaite pour les anniversaires, mariages ou tout autre moment sp\u00e9cial.<\/p>\n<p>D\u00e9tails du produit :<\/p>\n<p><strong>1<\/strong> bouquet comprenant :<br \/>\n4 ballons reflex<br \/>\n3 c\u0153urs en aluminium (45 cm)<br \/>\n3 ballons en latex<br \/>\nRubans et n\u0153uds d\u00e9coratifs<\/p>\n<p><strong>2<\/strong> c\u0153urs en aluminium (45 cm), chacun sur un poids<br \/>\n<strong>2<\/strong> chiffres en aluminium (66 cm)<br \/>\n<strong>1<\/strong> grand c\u0153ur en aluminium (90 cm)<br \/>\n\u00c9criture personnalis\u00e9e sur un des ballons, selon vos souhaits.<\/p>\n<p>*<em>Les couleurs et les types de ballons peuvent \u00eatre ajust\u00e9s selon vos pr\u00e9f\u00e9rences, en fonction des stocks disponibles.<\/em><\/p>","protected":false},"featured_media":29453,"template":"","meta":[],"product_brand":[],"product_cat":[179,551,552,130],"product_tag":[],"class_list":{"0":"post-29452","1":"product","2":"type-product","3":"status-publish","4":"has-post-thumbnail","6":"product_cat-compositions-pretes","7":"product_cat-pour-elle","8":"product_cat-pour-lui","9":"product_cat-helium","11":"first","12":"instock","13":"shipping-taxable","14":"purchasable","15":"product-type-simple"},"aioseo_notices":[],"jetpack_sharing_enabled":true,"_links":{"self":[{"href":"https:\/\/otop.ch\/en\/wp-json\/wp\/v2\/product\/29452"}],"collection":[{"href":"https:\/\/otop.ch\/en\/wp-json\/wp\/v2\/product"}],"about":[{"href":"https:\/\/otop.ch\/en\/wp-json\/wp\/v2\/types\/product"}],"version-history":[{"count":5,"href":"https:\/\/otop.ch\/en\/wp-json\/wp\/v2\/product\/29452\/revisions"}],"predecessor-version":[{"id":29644,"href":"https:\/\/otop.ch\/en\/wp-json\/wp\/v2\/product\/29452\/revisions\/29644"}],"wp:featuredmedia":[{"embeddable":true,"href":"https:\/\/otop.ch\/en\/wp-json\/wp\/v2\/media\/29453"}],"wp:attachment":[{"href":"https:\/\/otop.ch\/en\/wp-json\/wp\/v2\/media?parent=29452"}],"wp:term":[{"taxonomy":"product_brand","embeddable":true,"href":"https:\/\/otop.ch\/en\/wp-json\/wp\/v2\/product_brand?post=29452"},{"taxonomy":"product_cat","embeddable":true,"href":"https:\/\/otop.ch\/en\/wp-json\/wp\/v2\/product_cat?post=29452"},{"taxonomy":"product_tag","embeddable":true,"href":"https:\/\/otop.ch\/en\/wp-json\/wp\/v2\/product_tag?post=29452"}],"curies":[{"name":"wp","href":"https:\/\/api.w.org\/{rel}","templated":true}]}}