{"id":29459,"date":"2024-10-21T22:33:29","date_gmt":"2024-10-21T20:33:29","guid":{"rendered":"https:\/\/otop.ch\/?post_type=product&#038;p=29459"},"modified":"2024-12-18T13:24:01","modified_gmt":"2024-12-18T12:24:01","slug":"nr-4","status":"publish","type":"product","link":"https:\/\/otop.ch\/en\/product\/nr-4\/","title":{"rendered":"Nr 4"},"content":{"rendered":"<p>&nbsp;<\/p>\n<p>&nbsp;<\/p>","protected":false},"excerpt":{"rendered":"<p>Cette composition parfaite pour tout type de c\u00e9l\u00e9bration, un effet visuel impressionnant.<\/p>\n<p>D\u00e9tails du produit :<\/p>\n<p><strong>10<\/strong> c\u0153urs en aluminium (45 cm)<br \/>\n<strong>1 <\/strong>grand ballon double stuffing comprenant :<br \/>\n<strong>1<\/strong> ballon latex (<strong>60<\/strong> cm) \u00e0 l&rsquo;int\u00e9rieur d&rsquo;un ballon bobo transparent.<br \/>\n\u00c9criture personnalis\u00e9e sur un des ballons, selon vos souhaits.<\/p>\n<p><em>*Les couleurs et les types de ballons peuvent \u00eatre personnalis\u00e9s selon vos pr\u00e9f\u00e9rences, en fonction des stocks disponibles.<\/em><\/p>","protected":false},"featured_media":29471,"template":"","meta":[],"product_brand":[],"product_cat":[179,551,556,130],"product_tag":[],"class_list":{"0":"post-29459","1":"product","2":"type-product","3":"status-publish","4":"has-post-thumbnail","6":"product_cat-compositions-pretes","7":"product_cat-pour-elle","8":"product_cat-amour","9":"product_cat-helium","11":"first","12":"instock","13":"shipping-taxable","14":"purchasable","15":"product-type-simple"},"aioseo_notices":[],"jetpack_sharing_enabled":true,"_links":{"self":[{"href":"https:\/\/otop.ch\/en\/wp-json\/wp\/v2\/product\/29459"}],"collection":[{"href":"https:\/\/otop.ch\/en\/wp-json\/wp\/v2\/product"}],"about":[{"href":"https:\/\/otop.ch\/en\/wp-json\/wp\/v2\/types\/product"}],"version-history":[{"count":7,"href":"https:\/\/otop.ch\/en\/wp-json\/wp\/v2\/product\/29459\/revisions"}],"predecessor-version":[{"id":29839,"href":"https:\/\/otop.ch\/en\/wp-json\/wp\/v2\/product\/29459\/revisions\/29839"}],"wp:featuredmedia":[{"embeddable":true,"href":"https:\/\/otop.ch\/en\/wp-json\/wp\/v2\/media\/29471"}],"wp:attachment":[{"href":"https:\/\/otop.ch\/en\/wp-json\/wp\/v2\/media?parent=29459"}],"wp:term":[{"taxonomy":"product_brand","embeddable":true,"href":"https:\/\/otop.ch\/en\/wp-json\/wp\/v2\/product_brand?post=29459"},{"taxonomy":"product_cat","embeddable":true,"href":"https:\/\/otop.ch\/en\/wp-json\/wp\/v2\/product_cat?post=29459"},{"taxonomy":"product_tag","embeddable":true,"href":"https:\/\/otop.ch\/en\/wp-json\/wp\/v2\/product_tag?post=29459"}],"curies":[{"name":"wp","href":"https:\/\/api.w.org\/{rel}","templated":true}]}}