{"id":29465,"date":"2024-10-21T22:59:19","date_gmt":"2024-10-21T20:59:19","guid":{"rendered":"https:\/\/otop.ch\/?post_type=product&#038;p=29465"},"modified":"2025-01-25T19:23:49","modified_gmt":"2025-01-25T18:23:49","slug":"nr-5","status":"publish","type":"product","link":"https:\/\/otop.ch\/en\/product\/nr-5\/","title":{"rendered":"Nr 5"},"content":{"rendered":"","protected":false},"excerpt":{"rendered":"<p>Cette composition est parfaite pour toute occasion sp\u00e9ciale, offrant un effet visuel captivant et m\u00e9morable.<\/p>\n<p>D\u00e9tails du produit :<\/p>\n<p><strong>1<\/strong>\u00a0bouquet comprenant :<br \/>\n6 ballons reflex<br \/>\n3 c\u0153urs en aluminium (45 cm)<br \/>\n3 ballons confettis<br \/>\nRubans et n\u0153uds d\u00e9coratifs<\/p>\n<p><strong>2<\/strong>\u00a0chiffres en aluminium (66 cm)<br \/>\n<strong>1<\/strong> grand ballon double stuffing comprenant 1 ballon latex (60 cm) \u00e0 l\u2019int\u00e9rieur d\u2019un ballon Bobo transparent (60 cm) avec confettis entre les deux couches pour une touche festive unique<br \/>\n\u00c9criture personnalis\u00e9e sur un des ballons, selon vos souhaits.<\/p>\n<p>*<em>Les couleurs et les types de ballons peuvent \u00eatre ajust\u00e9s selon vos pr\u00e9f\u00e9rences, en fonction des stocks disponibles.<\/em><\/p>","protected":false},"featured_media":29473,"template":"","meta":[],"product_brand":[],"product_cat":[179,551,553,130],"product_tag":[],"class_list":{"0":"post-29465","1":"product","2":"type-product","3":"status-publish","4":"has-post-thumbnail","6":"product_cat-compositions-pretes","7":"product_cat-pour-elle","8":"product_cat-filles","9":"product_cat-helium","11":"first","12":"instock","13":"shipping-taxable","14":"purchasable","15":"product-type-simple"},"aioseo_notices":[],"jetpack_sharing_enabled":true,"_links":{"self":[{"href":"https:\/\/otop.ch\/en\/wp-json\/wp\/v2\/product\/29465"}],"collection":[{"href":"https:\/\/otop.ch\/en\/wp-json\/wp\/v2\/product"}],"about":[{"href":"https:\/\/otop.ch\/en\/wp-json\/wp\/v2\/types\/product"}],"version-history":[{"count":5,"href":"https:\/\/otop.ch\/en\/wp-json\/wp\/v2\/product\/29465\/revisions"}],"predecessor-version":[{"id":29647,"href":"https:\/\/otop.ch\/en\/wp-json\/wp\/v2\/product\/29465\/revisions\/29647"}],"wp:featuredmedia":[{"embeddable":true,"href":"https:\/\/otop.ch\/en\/wp-json\/wp\/v2\/media\/29473"}],"wp:attachment":[{"href":"https:\/\/otop.ch\/en\/wp-json\/wp\/v2\/media?parent=29465"}],"wp:term":[{"taxonomy":"product_brand","embeddable":true,"href":"https:\/\/otop.ch\/en\/wp-json\/wp\/v2\/product_brand?post=29465"},{"taxonomy":"product_cat","embeddable":true,"href":"https:\/\/otop.ch\/en\/wp-json\/wp\/v2\/product_cat?post=29465"},{"taxonomy":"product_tag","embeddable":true,"href":"https:\/\/otop.ch\/en\/wp-json\/wp\/v2\/product_tag?post=29465"}],"curies":[{"name":"wp","href":"https:\/\/api.w.org\/{rel}","templated":true}]}}