{"id":29478,"date":"2024-10-22T17:05:42","date_gmt":"2024-10-22T15:05:42","guid":{"rendered":"https:\/\/otop.ch\/?post_type=product&#038;p=29478"},"modified":"2025-01-25T19:22:27","modified_gmt":"2025-01-25T18:22:27","slug":"nr-6","status":"publish","type":"product","link":"https:\/\/otop.ch\/en\/product\/nr-6\/","title":{"rendered":"Nr 6"},"content":{"rendered":"","protected":false},"excerpt":{"rendered":"<p>Apportez une touche \u00e9l\u00e9gante et raffin\u00e9e \u00e0 votre \u00e9v\u00e9nement avec cette composition de ballons parfaite pour les anniversaires et autres occasions sp\u00e9ciales<\/p>\n<p>D\u00e9tails du produit :<\/p>\n<p><strong>1<\/strong>\u00a0bouquet comprenant :<br \/>\n<strong>8<\/strong> ballons en latex aux tons pastel<br \/>\nRubans et n\u0153uds d\u00e9coratifs<\/p>\n<p><strong>1<\/strong> grand ballon double stuffing comprenant 1 ballon latex (<strong>45<\/strong> cm) \u00e0 l\u2019int\u00e9rieur d\u2019un ballon Bobo transparent (<strong>45<\/strong> cm) avec confettis entre les deux couches pour une touche festive unique<br \/>\n\u00c9criture personnalis\u00e9e sur un des ballons, selon vos souhaits.<\/p>\n<p>*<em>Les couleurs et les types de ballons peuvent \u00eatre ajust\u00e9s selon vos pr\u00e9f\u00e9rences, en fonction des stocks disponibles.<\/em><\/p>","protected":false},"featured_media":29481,"template":"","meta":[],"product_brand":[],"product_cat":[324,179,551,553,130],"product_tag":[],"class_list":{"0":"post-29478","1":"product","2":"type-product","3":"status-publish","4":"has-post-thumbnail","6":"product_cat-latex","7":"product_cat-compositions-pretes","8":"product_cat-pour-elle","9":"product_cat-filles","10":"product_cat-helium","12":"first","13":"instock","14":"shipping-taxable","15":"purchasable","16":"product-type-simple"},"aioseo_notices":[],"jetpack_sharing_enabled":true,"_links":{"self":[{"href":"https:\/\/otop.ch\/en\/wp-json\/wp\/v2\/product\/29478"}],"collection":[{"href":"https:\/\/otop.ch\/en\/wp-json\/wp\/v2\/product"}],"about":[{"href":"https:\/\/otop.ch\/en\/wp-json\/wp\/v2\/types\/product"}],"version-history":[{"count":4,"href":"https:\/\/otop.ch\/en\/wp-json\/wp\/v2\/product\/29478\/revisions"}],"predecessor-version":[{"id":29838,"href":"https:\/\/otop.ch\/en\/wp-json\/wp\/v2\/product\/29478\/revisions\/29838"}],"wp:featuredmedia":[{"embeddable":true,"href":"https:\/\/otop.ch\/en\/wp-json\/wp\/v2\/media\/29481"}],"wp:attachment":[{"href":"https:\/\/otop.ch\/en\/wp-json\/wp\/v2\/media?parent=29478"}],"wp:term":[{"taxonomy":"product_brand","embeddable":true,"href":"https:\/\/otop.ch\/en\/wp-json\/wp\/v2\/product_brand?post=29478"},{"taxonomy":"product_cat","embeddable":true,"href":"https:\/\/otop.ch\/en\/wp-json\/wp\/v2\/product_cat?post=29478"},{"taxonomy":"product_tag","embeddable":true,"href":"https:\/\/otop.ch\/en\/wp-json\/wp\/v2\/product_tag?post=29478"}],"curies":[{"name":"wp","href":"https:\/\/api.w.org\/{rel}","templated":true}]}}