{"id":29484,"date":"2024-10-22T18:59:08","date_gmt":"2024-10-22T16:59:08","guid":{"rendered":"https:\/\/otop.ch\/?post_type=product&#038;p=29484"},"modified":"2025-01-25T19:21:47","modified_gmt":"2025-01-25T18:21:47","slug":"nr-7","status":"publish","type":"product","link":"https:\/\/otop.ch\/en\/product\/nr-7\/","title":{"rendered":"Nr 7"},"content":{"rendered":"","protected":false},"excerpt":{"rendered":"<p>Apportez une touche chic et moderne \u00e0 votre \u00e9v\u00e9nement avec cette composition de ballons en noir et argent, parfaite pour les anniversaires ou les c\u00e9l\u00e9brations sp\u00e9ciales<\/p>\n<p>D\u00e9tails du produit :<\/p>\n<p>1 bouquet comprenant 22 ballons:<\/p>\n<p><strong>6<\/strong> c\u0153urs argent\u00e9s de 45 cm<br \/>\n<strong>8<\/strong> ballons Reflex<br \/>\n<strong>8<\/strong> ballons en latex<\/p>\n<p><strong>1<\/strong> \u00e9toile en aluminium de <strong>55<\/strong> cm avec \u00e9criture personnalis\u00e9e<\/p>\n<p><em>*Les couleurs et types de ballons peuvent \u00eatre ajust\u00e9s selon vos pr\u00e9f\u00e9rences, sous r\u00e9serve de disponibilit\u00e9 en stock<\/em><\/p>","protected":false},"featured_media":29485,"template":"","meta":[],"product_brand":[],"product_cat":[179,552,130],"product_tag":[],"class_list":{"0":"post-29484","1":"product","2":"type-product","3":"status-publish","4":"has-post-thumbnail","6":"product_cat-compositions-pretes","7":"product_cat-pour-lui","8":"product_cat-helium","10":"first","11":"instock","12":"shipping-taxable","13":"purchasable","14":"product-type-simple"},"aioseo_notices":[],"jetpack_sharing_enabled":true,"_links":{"self":[{"href":"https:\/\/otop.ch\/en\/wp-json\/wp\/v2\/product\/29484"}],"collection":[{"href":"https:\/\/otop.ch\/en\/wp-json\/wp\/v2\/product"}],"about":[{"href":"https:\/\/otop.ch\/en\/wp-json\/wp\/v2\/types\/product"}],"version-history":[{"count":4,"href":"https:\/\/otop.ch\/en\/wp-json\/wp\/v2\/product\/29484\/revisions"}],"predecessor-version":[{"id":29651,"href":"https:\/\/otop.ch\/en\/wp-json\/wp\/v2\/product\/29484\/revisions\/29651"}],"wp:featuredmedia":[{"embeddable":true,"href":"https:\/\/otop.ch\/en\/wp-json\/wp\/v2\/media\/29485"}],"wp:attachment":[{"href":"https:\/\/otop.ch\/en\/wp-json\/wp\/v2\/media?parent=29484"}],"wp:term":[{"taxonomy":"product_brand","embeddable":true,"href":"https:\/\/otop.ch\/en\/wp-json\/wp\/v2\/product_brand?post=29484"},{"taxonomy":"product_cat","embeddable":true,"href":"https:\/\/otop.ch\/en\/wp-json\/wp\/v2\/product_cat?post=29484"},{"taxonomy":"product_tag","embeddable":true,"href":"https:\/\/otop.ch\/en\/wp-json\/wp\/v2\/product_tag?post=29484"}],"curies":[{"name":"wp","href":"https:\/\/api.w.org\/{rel}","templated":true}]}}