{"id":29491,"date":"2024-10-22T19:39:08","date_gmt":"2024-10-22T17:39:08","guid":{"rendered":"https:\/\/otop.ch\/?post_type=product&#038;p=29491"},"modified":"2025-01-25T19:20:29","modified_gmt":"2025-01-25T18:20:29","slug":"nr-8","status":"publish","type":"product","link":"https:\/\/otop.ch\/en\/product\/nr-8\/","title":{"rendered":"Nr 8"},"content":{"rendered":"","protected":false},"excerpt":{"rendered":"<p>Ajoutez une touche \u00e9l\u00e9gante et moderne \u00e0 votre c\u00e9l\u00e9bration avec cette composition de ballons en bleu et argent, id\u00e9ale pour les anniversaires ou les \u00e9v\u00e9nements sp\u00e9ciaux<\/p>\n<p>D\u00e9tails du produit :<\/p>\n<p><strong>1<\/strong> bouquet comprenant 7 ballons:<br \/>\n<strong>1<\/strong> c\u0153ur bleu en aluminium de <strong>45<\/strong> cm<br \/>\n<strong>2<\/strong> ballons Reflex<br \/>\n<strong>4<\/strong> ballons en latex<\/p>\n<p><strong>1<\/strong> ballon g\u00e9ant de<strong> 60<\/strong> cm en double stuffing:<br \/>\n<strong>1<\/strong> ballon Bobo transparent avec un ballon en latex \u00e0 l\u2019int\u00e9rieur<br \/>\n\u00c9criture personnalis\u00e9e<\/p>\n<p><em>*Les couleurs et types de ballons peuvent \u00eatre ajust\u00e9s selon vos pr\u00e9f\u00e9rences sous r\u00e9serve de disponibilit\u00e9 en stock<\/em><\/p>","protected":false},"featured_media":29493,"template":"","meta":[],"product_brand":[],"product_cat":[179,552,130],"product_tag":[],"class_list":{"0":"post-29491","1":"product","2":"type-product","3":"status-publish","4":"has-post-thumbnail","6":"product_cat-compositions-pretes","7":"product_cat-pour-lui","8":"product_cat-helium","10":"first","11":"instock","12":"shipping-taxable","13":"purchasable","14":"product-type-simple"},"aioseo_notices":[],"jetpack_sharing_enabled":true,"_links":{"self":[{"href":"https:\/\/otop.ch\/en\/wp-json\/wp\/v2\/product\/29491"}],"collection":[{"href":"https:\/\/otop.ch\/en\/wp-json\/wp\/v2\/product"}],"about":[{"href":"https:\/\/otop.ch\/en\/wp-json\/wp\/v2\/types\/product"}],"version-history":[{"count":2,"href":"https:\/\/otop.ch\/en\/wp-json\/wp\/v2\/product\/29491\/revisions"}],"predecessor-version":[{"id":29652,"href":"https:\/\/otop.ch\/en\/wp-json\/wp\/v2\/product\/29491\/revisions\/29652"}],"wp:featuredmedia":[{"embeddable":true,"href":"https:\/\/otop.ch\/en\/wp-json\/wp\/v2\/media\/29493"}],"wp:attachment":[{"href":"https:\/\/otop.ch\/en\/wp-json\/wp\/v2\/media?parent=29491"}],"wp:term":[{"taxonomy":"product_brand","embeddable":true,"href":"https:\/\/otop.ch\/en\/wp-json\/wp\/v2\/product_brand?post=29491"},{"taxonomy":"product_cat","embeddable":true,"href":"https:\/\/otop.ch\/en\/wp-json\/wp\/v2\/product_cat?post=29491"},{"taxonomy":"product_tag","embeddable":true,"href":"https:\/\/otop.ch\/en\/wp-json\/wp\/v2\/product_tag?post=29491"}],"curies":[{"name":"wp","href":"https:\/\/api.w.org\/{rel}","templated":true}]}}