{"id":29497,"date":"2024-10-22T20:04:38","date_gmt":"2024-10-22T18:04:38","guid":{"rendered":"https:\/\/otop.ch\/?post_type=product&#038;p=29497"},"modified":"2025-01-25T19:19:22","modified_gmt":"2025-01-25T18:19:22","slug":"nr-9","status":"publish","type":"product","link":"https:\/\/otop.ch\/en\/product\/nr-9\/","title":{"rendered":"Nr 9"},"content":{"rendered":"","protected":false},"excerpt":{"rendered":"<p>Apportez de l&rsquo;\u00e9l\u00e9gance et de l&rsquo;\u00e9clat \u00e0 votre \u00e9v\u00e9nement avec ce bouquet d&rsquo;\u00e9toiles en aluminium, parfait pour un effet moderne et chic.<\/p>\n<p>D\u00e9tails du produit :<\/p>\n<p><strong>10<\/strong> \u00e9toiles en aluminium de <strong>45<\/strong> cm<\/p>\n<p><em>*Les couleurs et types de ballons peuvent \u00eatre ajust\u00e9s selon vos pr\u00e9f\u00e9rences sous r\u00e9serve de disponibilit\u00e9 en stock<\/em><\/p>","protected":false},"featured_media":29499,"template":"","meta":[],"product_brand":[],"product_cat":[179,552,130],"product_tag":[],"class_list":{"0":"post-29497","1":"product","2":"type-product","3":"status-publish","4":"has-post-thumbnail","6":"product_cat-compositions-pretes","7":"product_cat-pour-lui","8":"product_cat-helium","10":"first","11":"instock","12":"shipping-taxable","13":"purchasable","14":"product-type-simple"},"aioseo_notices":[],"jetpack_sharing_enabled":true,"_links":{"self":[{"href":"https:\/\/otop.ch\/en\/wp-json\/wp\/v2\/product\/29497"}],"collection":[{"href":"https:\/\/otop.ch\/en\/wp-json\/wp\/v2\/product"}],"about":[{"href":"https:\/\/otop.ch\/en\/wp-json\/wp\/v2\/types\/product"}],"version-history":[{"count":2,"href":"https:\/\/otop.ch\/en\/wp-json\/wp\/v2\/product\/29497\/revisions"}],"predecessor-version":[{"id":29653,"href":"https:\/\/otop.ch\/en\/wp-json\/wp\/v2\/product\/29497\/revisions\/29653"}],"wp:featuredmedia":[{"embeddable":true,"href":"https:\/\/otop.ch\/en\/wp-json\/wp\/v2\/media\/29499"}],"wp:attachment":[{"href":"https:\/\/otop.ch\/en\/wp-json\/wp\/v2\/media?parent=29497"}],"wp:term":[{"taxonomy":"product_brand","embeddable":true,"href":"https:\/\/otop.ch\/en\/wp-json\/wp\/v2\/product_brand?post=29497"},{"taxonomy":"product_cat","embeddable":true,"href":"https:\/\/otop.ch\/en\/wp-json\/wp\/v2\/product_cat?post=29497"},{"taxonomy":"product_tag","embeddable":true,"href":"https:\/\/otop.ch\/en\/wp-json\/wp\/v2\/product_tag?post=29497"}],"curies":[{"name":"wp","href":"https:\/\/api.w.org\/{rel}","templated":true}]}}