{"id":29503,"date":"2024-10-22T20:06:58","date_gmt":"2024-10-22T18:06:58","guid":{"rendered":"https:\/\/otop.ch\/?post_type=product&#038;p=29503"},"modified":"2025-01-25T19:18:39","modified_gmt":"2025-01-25T18:18:39","slug":"nr-10","status":"publish","type":"product","link":"https:\/\/otop.ch\/en\/product\/nr-10\/","title":{"rendered":"Nr 10"},"content":{"rendered":"","protected":false},"excerpt":{"rendered":"<p>Cette composition est parfaite pour c\u00e9l\u00e9brer une occasion sp\u00e9ciale avec une touche de super-h\u00e9ros et un impact visuel saisissant.<\/p>\n<p>D\u00e9tails du produit :<\/p>\n<p><strong>1<\/strong> bouquet comprenant :<br \/>\n<strong>6<\/strong> ballons (4 latex, 2 \u00e9toiles de 45cm)<br \/>\n<strong>5<\/strong> ballons th\u00e9matiques super-h\u00e9ros (45-80 cm)<\/p>\n<p><strong>1<\/strong> grand ballon g\u00e9ant double stuffing de <strong>60<\/strong> cm, incluant :<br \/>\n1 ballon latex \u00e0 l\u2019int\u00e9rieur d\u2019un ballon Bobo transparent avec \u00e9criture personnalis\u00e9e<\/p>\n<p><em>*Les couleurs et les types de ballons peuvent \u00eatre ajust\u00e9s selon vos pr\u00e9f\u00e9rences, en fonction des stocks disponibles.<\/em><\/p>","protected":false},"featured_media":29505,"template":"","meta":[],"product_brand":[],"product_cat":[419,179,552,554,130],"product_tag":[],"class_list":{"0":"post-29503","1":"product","2":"type-product","3":"status-publish","4":"has-post-thumbnail","6":"product_cat-thematique","7":"product_cat-compositions-pretes","8":"product_cat-pour-lui","9":"product_cat-garcons","10":"product_cat-helium","12":"first","13":"instock","14":"shipping-taxable","15":"purchasable","16":"product-type-simple"},"aioseo_notices":[],"jetpack_sharing_enabled":true,"_links":{"self":[{"href":"https:\/\/otop.ch\/en\/wp-json\/wp\/v2\/product\/29503"}],"collection":[{"href":"https:\/\/otop.ch\/en\/wp-json\/wp\/v2\/product"}],"about":[{"href":"https:\/\/otop.ch\/en\/wp-json\/wp\/v2\/types\/product"}],"version-history":[{"count":5,"href":"https:\/\/otop.ch\/en\/wp-json\/wp\/v2\/product\/29503\/revisions"}],"predecessor-version":[{"id":29655,"href":"https:\/\/otop.ch\/en\/wp-json\/wp\/v2\/product\/29503\/revisions\/29655"}],"wp:featuredmedia":[{"embeddable":true,"href":"https:\/\/otop.ch\/en\/wp-json\/wp\/v2\/media\/29505"}],"wp:attachment":[{"href":"https:\/\/otop.ch\/en\/wp-json\/wp\/v2\/media?parent=29503"}],"wp:term":[{"taxonomy":"product_brand","embeddable":true,"href":"https:\/\/otop.ch\/en\/wp-json\/wp\/v2\/product_brand?post=29503"},{"taxonomy":"product_cat","embeddable":true,"href":"https:\/\/otop.ch\/en\/wp-json\/wp\/v2\/product_cat?post=29503"},{"taxonomy":"product_tag","embeddable":true,"href":"https:\/\/otop.ch\/en\/wp-json\/wp\/v2\/product_tag?post=29503"}],"curies":[{"name":"wp","href":"https:\/\/api.w.org\/{rel}","templated":true}]}}