{"id":29510,"date":"2024-10-22T20:19:21","date_gmt":"2024-10-22T18:19:21","guid":{"rendered":"https:\/\/otop.ch\/?post_type=product&#038;p=29510"},"modified":"2025-01-25T19:17:04","modified_gmt":"2025-01-25T18:17:04","slug":"nr-11","status":"publish","type":"product","link":"https:\/\/otop.ch\/en\/product\/nr-11\/","title":{"rendered":"Nr 11"},"content":{"rendered":"","protected":false},"excerpt":{"rendered":"<p>Cette composition raffin\u00e9e est id\u00e9ale pour c\u00e9l\u00e9brer un moment unique avec une touche de douceur et de f\u00e9\u00e9rie.<\/p>\n<p>D\u00e9tails du produit :<\/p>\n<p><strong>1<\/strong> grand ballon double stuffing avec :<\/p>\n<p>1 ballon latex (<strong>60<\/strong>cm) \u00e0 l\u2019int\u00e9rieur d\u2019un ballon Bobo transparent pour un effet subtil et magique<\/p>\n<p>\u00c9criture personnalis\u00e9e<\/p>\n<p><strong>1<\/strong> bouquet d\u00e9licat comprenant :<\/p>\n<p><strong>4<\/strong> ballons en latex<\/p>\n<p><strong> 1<\/strong> c\u0153ur en aluminium (<strong>45<\/strong> cm) en compl\u00e9ment parfait<\/p>\n<p><em>*Les couleurs et les types de ballons peuvent \u00eatre ajust\u00e9s selon vos pr\u00e9f\u00e9rences, en fonction des stocks disponibles.<\/em><\/p>","protected":false},"featured_media":29511,"template":"","meta":[],"product_brand":[],"product_cat":[179,551,553,555,130],"product_tag":[],"class_list":{"0":"post-29510","1":"product","2":"type-product","3":"status-publish","4":"has-post-thumbnail","6":"product_cat-compositions-pretes","7":"product_cat-pour-elle","8":"product_cat-filles","9":"product_cat-hello-baby","10":"product_cat-helium","12":"first","13":"instock","14":"shipping-taxable","15":"purchasable","16":"product-type-simple"},"aioseo_notices":[],"jetpack_sharing_enabled":true,"_links":{"self":[{"href":"https:\/\/otop.ch\/en\/wp-json\/wp\/v2\/product\/29510"}],"collection":[{"href":"https:\/\/otop.ch\/en\/wp-json\/wp\/v2\/product"}],"about":[{"href":"https:\/\/otop.ch\/en\/wp-json\/wp\/v2\/types\/product"}],"version-history":[{"count":5,"href":"https:\/\/otop.ch\/en\/wp-json\/wp\/v2\/product\/29510\/revisions"}],"predecessor-version":[{"id":29837,"href":"https:\/\/otop.ch\/en\/wp-json\/wp\/v2\/product\/29510\/revisions\/29837"}],"wp:featuredmedia":[{"embeddable":true,"href":"https:\/\/otop.ch\/en\/wp-json\/wp\/v2\/media\/29511"}],"wp:attachment":[{"href":"https:\/\/otop.ch\/en\/wp-json\/wp\/v2\/media?parent=29510"}],"wp:term":[{"taxonomy":"product_brand","embeddable":true,"href":"https:\/\/otop.ch\/en\/wp-json\/wp\/v2\/product_brand?post=29510"},{"taxonomy":"product_cat","embeddable":true,"href":"https:\/\/otop.ch\/en\/wp-json\/wp\/v2\/product_cat?post=29510"},{"taxonomy":"product_tag","embeddable":true,"href":"https:\/\/otop.ch\/en\/wp-json\/wp\/v2\/product_tag?post=29510"}],"curies":[{"name":"wp","href":"https:\/\/api.w.org\/{rel}","templated":true}]}}