{"id":29515,"date":"2024-10-22T20:56:03","date_gmt":"2024-10-22T18:56:03","guid":{"rendered":"https:\/\/otop.ch\/?post_type=product&#038;p=29515"},"modified":"2025-01-25T19:16:05","modified_gmt":"2025-01-25T18:16:05","slug":"nr-12","status":"publish","type":"product","link":"https:\/\/otop.ch\/en\/product\/nr-12\/","title":{"rendered":"Nr 12"},"content":{"rendered":"","protected":false},"excerpt":{"rendered":"<p>Cette composition \u00e9l\u00e9gante et joyeuse est parfaite pour ajouter une touche unique et color\u00e9e \u00e0 votre \u00e9v\u00e9nement.<\/p>\n<p>D\u00e9tails du produit :<\/p>\n<p><strong>1<\/strong> ballon aluminium en forme sp\u00e9ciale, apportant un accent charmant \u00e0 l\u2019ensemble<\/p>\n<p>1 bouquet comprenant :<\/p>\n<p><strong>3<\/strong> ballons en latex<br \/>\n<strong>1<\/strong> confetti<br \/>\n<strong>1<\/strong> ballon reflex<\/p>\n<p>Rubans et n\u0153uds d\u00e9coratifs inclus pour une finition soign\u00e9e.<\/p>\n<p><em>*Les couleurs et les types de ballons peuvent \u00eatre ajust\u00e9s selon vos pr\u00e9f\u00e9rences, en fonction des stocks disponibles.<\/em><\/p>","protected":false},"featured_media":29517,"template":"","meta":[],"product_brand":[],"product_cat":[419,179,553,130],"product_tag":[],"class_list":{"0":"post-29515","1":"product","2":"type-product","3":"status-publish","4":"has-post-thumbnail","6":"product_cat-thematique","7":"product_cat-compositions-pretes","8":"product_cat-filles","9":"product_cat-helium","11":"first","12":"instock","13":"shipping-taxable","14":"purchasable","15":"product-type-simple"},"aioseo_notices":[],"jetpack_sharing_enabled":true,"_links":{"self":[{"href":"https:\/\/otop.ch\/en\/wp-json\/wp\/v2\/product\/29515"}],"collection":[{"href":"https:\/\/otop.ch\/en\/wp-json\/wp\/v2\/product"}],"about":[{"href":"https:\/\/otop.ch\/en\/wp-json\/wp\/v2\/types\/product"}],"version-history":[{"count":2,"href":"https:\/\/otop.ch\/en\/wp-json\/wp\/v2\/product\/29515\/revisions"}],"predecessor-version":[{"id":29662,"href":"https:\/\/otop.ch\/en\/wp-json\/wp\/v2\/product\/29515\/revisions\/29662"}],"wp:featuredmedia":[{"embeddable":true,"href":"https:\/\/otop.ch\/en\/wp-json\/wp\/v2\/media\/29517"}],"wp:attachment":[{"href":"https:\/\/otop.ch\/en\/wp-json\/wp\/v2\/media?parent=29515"}],"wp:term":[{"taxonomy":"product_brand","embeddable":true,"href":"https:\/\/otop.ch\/en\/wp-json\/wp\/v2\/product_brand?post=29515"},{"taxonomy":"product_cat","embeddable":true,"href":"https:\/\/otop.ch\/en\/wp-json\/wp\/v2\/product_cat?post=29515"},{"taxonomy":"product_tag","embeddable":true,"href":"https:\/\/otop.ch\/en\/wp-json\/wp\/v2\/product_tag?post=29515"}],"curies":[{"name":"wp","href":"https:\/\/api.w.org\/{rel}","templated":true}]}}