{"id":29520,"date":"2024-10-22T21:10:24","date_gmt":"2024-10-22T19:10:24","guid":{"rendered":"https:\/\/otop.ch\/?post_type=product&#038;p=29520"},"modified":"2025-01-25T19:14:12","modified_gmt":"2025-01-25T18:14:12","slug":"nr-13","status":"publish","type":"product","link":"https:\/\/otop.ch\/en\/product\/nr-13\/","title":{"rendered":"Nr 13"},"content":{"rendered":"","protected":false},"excerpt":{"rendered":"<p>Ajoutez une touche d\u2019originalit\u00e9 et de tendresse \u00e0 votre \u00e9v\u00e9nement avec cette composition adorable, id\u00e9ale pour un anniversaire ou une c\u00e9l\u00e9bration sp\u00e9ciale.<\/p>\n<p>D\u00e9tails du produit :<\/p>\n<p><strong>1<\/strong> ballon en forme d\u2019ourson pour un effet mignon et unique<\/p>\n<p><strong>1<\/strong> bouquet comprenant :<\/p>\n<p><strong>7<\/strong> ballons en latex dans des teintes douces et harmonieuses<br \/>\n<strong>1<\/strong> ballon en aluminium en forme d\u2019arc-en-ciel, ajoutant de la couleur et du dynamisme<\/p>\n<p><strong>1<\/strong> chiffre en aluminium (<strong>101<\/strong> cm)<\/p>\n<p><strong>1<\/strong> ballon g\u00e9ant double stuffing (<strong>45<\/strong>cm) avec \u00e9criture personnalis\u00e9e pour marquer l\u2019occasion<\/p>\n<p>Rubans et n\u0153uds d\u00e9coratifs inclus pour une finition \u00e9l\u00e9gante.<\/p>\n<p><em>*Les couleurs et les types de ballons peuvent \u00eatre ajust\u00e9s selon vos pr\u00e9f\u00e9rences, en fonction des stocks disponibles.<\/em><\/p>","protected":false},"featured_media":29522,"template":"","meta":[],"product_brand":[],"product_cat":[179,553,554,555,130],"product_tag":[],"class_list":{"0":"post-29520","1":"product","2":"type-product","3":"status-publish","4":"has-post-thumbnail","6":"product_cat-compositions-pretes","7":"product_cat-filles","8":"product_cat-garcons","9":"product_cat-hello-baby","10":"product_cat-helium","12":"first","13":"instock","14":"shipping-taxable","15":"purchasable","16":"product-type-simple"},"aioseo_notices":[],"jetpack_sharing_enabled":true,"_links":{"self":[{"href":"https:\/\/otop.ch\/en\/wp-json\/wp\/v2\/product\/29520"}],"collection":[{"href":"https:\/\/otop.ch\/en\/wp-json\/wp\/v2\/product"}],"about":[{"href":"https:\/\/otop.ch\/en\/wp-json\/wp\/v2\/types\/product"}],"version-history":[{"count":3,"href":"https:\/\/otop.ch\/en\/wp-json\/wp\/v2\/product\/29520\/revisions"}],"predecessor-version":[{"id":29836,"href":"https:\/\/otop.ch\/en\/wp-json\/wp\/v2\/product\/29520\/revisions\/29836"}],"wp:featuredmedia":[{"embeddable":true,"href":"https:\/\/otop.ch\/en\/wp-json\/wp\/v2\/media\/29522"}],"wp:attachment":[{"href":"https:\/\/otop.ch\/en\/wp-json\/wp\/v2\/media?parent=29520"}],"wp:term":[{"taxonomy":"product_brand","embeddable":true,"href":"https:\/\/otop.ch\/en\/wp-json\/wp\/v2\/product_brand?post=29520"},{"taxonomy":"product_cat","embeddable":true,"href":"https:\/\/otop.ch\/en\/wp-json\/wp\/v2\/product_cat?post=29520"},{"taxonomy":"product_tag","embeddable":true,"href":"https:\/\/otop.ch\/en\/wp-json\/wp\/v2\/product_tag?post=29520"}],"curies":[{"name":"wp","href":"https:\/\/api.w.org\/{rel}","templated":true}]}}