{"id":29527,"date":"2024-10-23T09:23:00","date_gmt":"2024-10-23T07:23:00","guid":{"rendered":"https:\/\/otop.ch\/?post_type=product&#038;p=29527"},"modified":"2025-01-25T19:12:42","modified_gmt":"2025-01-25T18:12:42","slug":"nr-14","status":"publish","type":"product","link":"https:\/\/otop.ch\/en\/product\/nr-14\/","title":{"rendered":"Nr 14"},"content":{"rendered":"","protected":false},"excerpt":{"rendered":"<p>Apportez une touche douce et affectueuse \u00e0 votre \u00e9v\u00e9nement avec cette composition adorable, id\u00e9ale pour c\u00e9l\u00e9brer les moments pr\u00e9cieux.<\/p>\n<p>D\u00e9tails du produit :<\/p>\n<p><strong>1<\/strong> ballon ourson avec \u00e9criture personnalis\u00e9e<\/p>\n<p><strong>2<\/strong> bouquets comprenant chacun : <strong>15<\/strong> ballons en forme de c\u0153ur<\/p>\n<p>*<em>Les couleurs et les types de ballons peuvent \u00eatre ajust\u00e9s selon vos pr\u00e9f\u00e9rences, en fonction des stocks disponibles.<\/em><\/p>","protected":false},"featured_media":29528,"template":"","meta":[],"product_brand":[],"product_cat":[179,551,553,556,555,130,182],"product_tag":[],"class_list":{"0":"post-29527","1":"product","2":"type-product","3":"status-publish","4":"has-post-thumbnail","6":"product_cat-compositions-pretes","7":"product_cat-pour-elle","8":"product_cat-filles","9":"product_cat-amour","10":"product_cat-hello-baby","11":"product_cat-helium","12":"product_cat-aluminium","14":"first","15":"instock","16":"shipping-taxable","17":"purchasable","18":"product-type-simple"},"aioseo_notices":[],"jetpack_sharing_enabled":true,"_links":{"self":[{"href":"https:\/\/otop.ch\/en\/wp-json\/wp\/v2\/product\/29527"}],"collection":[{"href":"https:\/\/otop.ch\/en\/wp-json\/wp\/v2\/product"}],"about":[{"href":"https:\/\/otop.ch\/en\/wp-json\/wp\/v2\/types\/product"}],"version-history":[{"count":3,"href":"https:\/\/otop.ch\/en\/wp-json\/wp\/v2\/product\/29527\/revisions"}],"predecessor-version":[{"id":29683,"href":"https:\/\/otop.ch\/en\/wp-json\/wp\/v2\/product\/29527\/revisions\/29683"}],"wp:featuredmedia":[{"embeddable":true,"href":"https:\/\/otop.ch\/en\/wp-json\/wp\/v2\/media\/29528"}],"wp:attachment":[{"href":"https:\/\/otop.ch\/en\/wp-json\/wp\/v2\/media?parent=29527"}],"wp:term":[{"taxonomy":"product_brand","embeddable":true,"href":"https:\/\/otop.ch\/en\/wp-json\/wp\/v2\/product_brand?post=29527"},{"taxonomy":"product_cat","embeddable":true,"href":"https:\/\/otop.ch\/en\/wp-json\/wp\/v2\/product_cat?post=29527"},{"taxonomy":"product_tag","embeddable":true,"href":"https:\/\/otop.ch\/en\/wp-json\/wp\/v2\/product_tag?post=29527"}],"curies":[{"name":"wp","href":"https:\/\/api.w.org\/{rel}","templated":true}]}}