{"id":29533,"date":"2024-10-23T09:36:34","date_gmt":"2024-10-23T07:36:34","guid":{"rendered":"https:\/\/otop.ch\/?post_type=product&#038;p=29533"},"modified":"2025-01-25T19:10:45","modified_gmt":"2025-01-25T18:10:45","slug":"nr-15","status":"publish","type":"product","link":"https:\/\/otop.ch\/en\/product\/nr-15\/","title":{"rendered":"Nr 15"},"content":{"rendered":"","protected":false},"excerpt":{"rendered":"<p>Transformez votre \u00e9v\u00e9nement avec cette composition magique, parfaite pour une ambiance f\u00e9erique.<\/p>\n<p>D\u00e9tails du produit :<\/p>\n<p><strong>1<\/strong> licorne Airwalker majestueuse<\/p>\n<p><strong>1<\/strong> chiffre en aluminium<\/p>\n<p><strong>2<\/strong> nuages en aluminium sur poids<\/p>\n<p><strong>1<\/strong> ballon double stuffing (<strong>45 cm<\/strong>) avec \u00e9criture personnalis\u00e9e sur poids<\/p>\n<p><strong>2<\/strong> bouquets comprenant chacun :<\/p>\n<p><strong>2<\/strong> c\u0153urs en aluminium<\/p>\n<p><strong>10<\/strong> ballons en latex<\/p>\n<p><strong>2<\/strong> \u00e9toiles scintillantes, chaque bouquet sur son propre poids<\/p>\n<p><em>*Personnalisation des couleurs et du texte possible selon vos pr\u00e9f\u00e9rences, sous r\u00e9serve de disponibilit\u00e9 des stocks.<\/em><\/p>","protected":false},"featured_media":29537,"template":"","meta":[],"product_brand":[],"product_cat":[419,287,179,553,130],"product_tag":[],"class_list":{"0":"post-29533","1":"product","2":"type-product","3":"status-publish","4":"has-post-thumbnail","6":"product_cat-thematique","7":"product_cat-air-fill","8":"product_cat-compositions-pretes","9":"product_cat-filles","10":"product_cat-helium","12":"first","13":"instock","14":"shipping-taxable","15":"purchasable","16":"product-type-simple"},"aioseo_notices":[],"jetpack_sharing_enabled":true,"_links":{"self":[{"href":"https:\/\/otop.ch\/en\/wp-json\/wp\/v2\/product\/29533"}],"collection":[{"href":"https:\/\/otop.ch\/en\/wp-json\/wp\/v2\/product"}],"about":[{"href":"https:\/\/otop.ch\/en\/wp-json\/wp\/v2\/types\/product"}],"version-history":[{"count":2,"href":"https:\/\/otop.ch\/en\/wp-json\/wp\/v2\/product\/29533\/revisions"}],"predecessor-version":[{"id":29665,"href":"https:\/\/otop.ch\/en\/wp-json\/wp\/v2\/product\/29533\/revisions\/29665"}],"wp:featuredmedia":[{"embeddable":true,"href":"https:\/\/otop.ch\/en\/wp-json\/wp\/v2\/media\/29537"}],"wp:attachment":[{"href":"https:\/\/otop.ch\/en\/wp-json\/wp\/v2\/media?parent=29533"}],"wp:term":[{"taxonomy":"product_brand","embeddable":true,"href":"https:\/\/otop.ch\/en\/wp-json\/wp\/v2\/product_brand?post=29533"},{"taxonomy":"product_cat","embeddable":true,"href":"https:\/\/otop.ch\/en\/wp-json\/wp\/v2\/product_cat?post=29533"},{"taxonomy":"product_tag","embeddable":true,"href":"https:\/\/otop.ch\/en\/wp-json\/wp\/v2\/product_tag?post=29533"}],"curies":[{"name":"wp","href":"https:\/\/api.w.org\/{rel}","templated":true}]}}