{"id":29540,"date":"2024-10-23T09:46:19","date_gmt":"2024-10-23T07:46:19","guid":{"rendered":"https:\/\/otop.ch\/?post_type=product&#038;p=29540"},"modified":"2025-01-25T19:04:03","modified_gmt":"2025-01-25T18:04:03","slug":"nr-16","status":"publish","type":"product","link":"https:\/\/otop.ch\/en\/product\/nr-16\/","title":{"rendered":"Nr 16"},"content":{"rendered":"","protected":false},"excerpt":{"rendered":"<p>Apportez une touche \u00e9l\u00e9gante \u00e0 votre c\u00e9l\u00e9bration avec cette composition sophistiqu\u00e9e de ballons en or et argent, parfaite pour un effet visuel chic et m\u00e9morable.<\/p>\n<p>D\u00e9tails du produit :<\/p>\n<p>Plafond d\u00e9cor\u00e9 de <strong>5<\/strong> ballons en latex et <strong>5<\/strong> en reflex<\/p>\n<p><strong>2<\/strong> chiffres de <strong>66<\/strong> cm, chacun sur poids<\/p>\n<p><strong>1<\/strong> grand ballon double stuffing (<strong>60<\/strong> cm) avec \u00e9criture personnalis\u00e9e<\/p>\n<p><strong>1<\/strong> bouquet compos\u00e9 de :<\/p>\n<p><strong>3<\/strong> ballons reflex<\/p>\n<p><strong>2<\/strong> ballons confettis<\/p>\n<p><strong>1<\/strong> c\u0153ur en aluminium (<strong>45<\/strong> cm)<\/p>\n<p><strong>4<\/strong> ballons en latex<\/p>\n<p><em>*Personnalisation des couleurs et du texte disponible selon vos pr\u00e9f\u00e9rences, en fonction des stocks.<\/em><\/p>","protected":false},"featured_media":29541,"template":"","meta":[],"product_brand":[],"product_cat":[179,551,553,130],"product_tag":[],"class_list":{"0":"post-29540","1":"product","2":"type-product","3":"status-publish","4":"has-post-thumbnail","6":"product_cat-compositions-pretes","7":"product_cat-pour-elle","8":"product_cat-filles","9":"product_cat-helium","11":"first","12":"instock","13":"shipping-taxable","14":"purchasable","15":"product-type-simple"},"aioseo_notices":[],"jetpack_sharing_enabled":true,"_links":{"self":[{"href":"https:\/\/otop.ch\/en\/wp-json\/wp\/v2\/product\/29540"}],"collection":[{"href":"https:\/\/otop.ch\/en\/wp-json\/wp\/v2\/product"}],"about":[{"href":"https:\/\/otop.ch\/en\/wp-json\/wp\/v2\/types\/product"}],"version-history":[{"count":2,"href":"https:\/\/otop.ch\/en\/wp-json\/wp\/v2\/product\/29540\/revisions"}],"predecessor-version":[{"id":29666,"href":"https:\/\/otop.ch\/en\/wp-json\/wp\/v2\/product\/29540\/revisions\/29666"}],"wp:featuredmedia":[{"embeddable":true,"href":"https:\/\/otop.ch\/en\/wp-json\/wp\/v2\/media\/29541"}],"wp:attachment":[{"href":"https:\/\/otop.ch\/en\/wp-json\/wp\/v2\/media?parent=29540"}],"wp:term":[{"taxonomy":"product_brand","embeddable":true,"href":"https:\/\/otop.ch\/en\/wp-json\/wp\/v2\/product_brand?post=29540"},{"taxonomy":"product_cat","embeddable":true,"href":"https:\/\/otop.ch\/en\/wp-json\/wp\/v2\/product_cat?post=29540"},{"taxonomy":"product_tag","embeddable":true,"href":"https:\/\/otop.ch\/en\/wp-json\/wp\/v2\/product_tag?post=29540"}],"curies":[{"name":"wp","href":"https:\/\/api.w.org\/{rel}","templated":true}]}}