{"id":29552,"date":"2024-10-23T10:07:21","date_gmt":"2024-10-23T08:07:21","guid":{"rendered":"https:\/\/otop.ch\/?post_type=product&#038;p=29552"},"modified":"2025-01-25T19:01:16","modified_gmt":"2025-01-25T18:01:16","slug":"nr-17","status":"publish","type":"product","link":"https:\/\/otop.ch\/en\/product\/nr-17\/","title":{"rendered":"Nr 17"},"content":{"rendered":"","protected":false},"excerpt":{"rendered":"<p>Cette composition adorable est parfaite pour un anniversaire enfantin, ajoutant une touche magique avec ses ballons th\u00e9matiques et ses couleurs douces.<\/p>\n<p>D\u00e9tails du produit :<\/p>\n<p><strong>3<\/strong> ballons th\u00e9matiques :<br \/>\n\u2022 1 ourson<br \/>\n\u2022 1 lapin<br \/>\n\u2022 1 anneau ourson<\/p>\n<p><strong>1<\/strong> chiffre en aluminium (<strong>101<\/strong> cm) sur poids<\/p>\n<p><strong>2<\/strong> bouquets comprenant chacun :<br \/>\n\u2022 1 ballon c\u0153ur (45 cm)<br \/>\n\u2022 1 ballon \u00e9toile (45 cm)<br \/>\n\u2022 4 ballons reflex<br \/>\n\u2022 3 ballons confettis<br \/>\n\u2022 3 ballons latex<\/p>\n<p><em>*Les couleurs et les types de ballons peuvent \u00eatre ajust\u00e9s selon vos pr\u00e9f\u00e9rences et en fonction des stocks disponibles.<\/em><\/p>","protected":false},"featured_media":29559,"template":"","meta":[],"product_brand":[],"product_cat":[419,179,553,554,555,130],"product_tag":[],"class_list":{"0":"post-29552","1":"product","2":"type-product","3":"status-publish","4":"has-post-thumbnail","6":"product_cat-thematique","7":"product_cat-compositions-pretes","8":"product_cat-filles","9":"product_cat-garcons","10":"product_cat-hello-baby","11":"product_cat-helium","13":"first","14":"instock","15":"shipping-taxable","16":"purchasable","17":"product-type-simple"},"aioseo_notices":[],"jetpack_sharing_enabled":true,"_links":{"self":[{"href":"https:\/\/otop.ch\/en\/wp-json\/wp\/v2\/product\/29552"}],"collection":[{"href":"https:\/\/otop.ch\/en\/wp-json\/wp\/v2\/product"}],"about":[{"href":"https:\/\/otop.ch\/en\/wp-json\/wp\/v2\/types\/product"}],"version-history":[{"count":3,"href":"https:\/\/otop.ch\/en\/wp-json\/wp\/v2\/product\/29552\/revisions"}],"predecessor-version":[{"id":29676,"href":"https:\/\/otop.ch\/en\/wp-json\/wp\/v2\/product\/29552\/revisions\/29676"}],"wp:featuredmedia":[{"embeddable":true,"href":"https:\/\/otop.ch\/en\/wp-json\/wp\/v2\/media\/29559"}],"wp:attachment":[{"href":"https:\/\/otop.ch\/en\/wp-json\/wp\/v2\/media?parent=29552"}],"wp:term":[{"taxonomy":"product_brand","embeddable":true,"href":"https:\/\/otop.ch\/en\/wp-json\/wp\/v2\/product_brand?post=29552"},{"taxonomy":"product_cat","embeddable":true,"href":"https:\/\/otop.ch\/en\/wp-json\/wp\/v2\/product_cat?post=29552"},{"taxonomy":"product_tag","embeddable":true,"href":"https:\/\/otop.ch\/en\/wp-json\/wp\/v2\/product_tag?post=29552"}],"curies":[{"name":"wp","href":"https:\/\/api.w.org\/{rel}","templated":true}]}}