{"id":29561,"date":"2024-10-23T10:22:22","date_gmt":"2024-10-23T08:22:22","guid":{"rendered":"https:\/\/otop.ch\/?post_type=product&#038;p=29561"},"modified":"2025-01-25T18:58:34","modified_gmt":"2025-01-25T17:58:34","slug":"nr-18","status":"publish","type":"product","link":"https:\/\/otop.ch\/en\/product\/nr-18\/","title":{"rendered":"Nr 18"},"content":{"rendered":"","protected":false},"excerpt":{"rendered":"<p>Ajoutez de la joie et de la couleur avec ce bouquet festif, id\u00e9al pour c\u00e9l\u00e9brer un anniversaire m\u00e9morable !<\/p>\n<p>D\u00e9tails du produit :<\/p>\n<p><strong>1<\/strong> ballon l\u00e9opard th\u00e9matique en aluminium, pour une touche amusante et unique<br \/>\n<strong>2<\/strong> chiffres en aluminium (bleu, 101 cm) sur poids<br \/>\n<strong>2<\/strong> bouquets comprenant chacun :<\/p>\n<p><strong>8<\/strong> ballons en latex de diff\u00e9rentes couleurs vives (bleu, jaune, orange, rouge)<\/p>\n<p><em>*Les couleurs et les types de ballons peuvent \u00eatre personnalis\u00e9s selon vos pr\u00e9f\u00e9rences et en fonction des stocks disponibles.<\/em><\/p>","protected":false},"featured_media":29564,"template":"","meta":[],"product_brand":[],"product_cat":[419,179,553,554,130],"product_tag":[],"class_list":{"0":"post-29561","1":"product","2":"type-product","3":"status-publish","4":"has-post-thumbnail","6":"product_cat-thematique","7":"product_cat-compositions-pretes","8":"product_cat-filles","9":"product_cat-garcons","10":"product_cat-helium","12":"first","13":"instock","14":"shipping-taxable","15":"purchasable","16":"product-type-simple"},"aioseo_notices":[],"jetpack_sharing_enabled":true,"_links":{"self":[{"href":"https:\/\/otop.ch\/en\/wp-json\/wp\/v2\/product\/29561"}],"collection":[{"href":"https:\/\/otop.ch\/en\/wp-json\/wp\/v2\/product"}],"about":[{"href":"https:\/\/otop.ch\/en\/wp-json\/wp\/v2\/types\/product"}],"version-history":[{"count":3,"href":"https:\/\/otop.ch\/en\/wp-json\/wp\/v2\/product\/29561\/revisions"}],"predecessor-version":[{"id":29677,"href":"https:\/\/otop.ch\/en\/wp-json\/wp\/v2\/product\/29561\/revisions\/29677"}],"wp:featuredmedia":[{"embeddable":true,"href":"https:\/\/otop.ch\/en\/wp-json\/wp\/v2\/media\/29564"}],"wp:attachment":[{"href":"https:\/\/otop.ch\/en\/wp-json\/wp\/v2\/media?parent=29561"}],"wp:term":[{"taxonomy":"product_brand","embeddable":true,"href":"https:\/\/otop.ch\/en\/wp-json\/wp\/v2\/product_brand?post=29561"},{"taxonomy":"product_cat","embeddable":true,"href":"https:\/\/otop.ch\/en\/wp-json\/wp\/v2\/product_cat?post=29561"},{"taxonomy":"product_tag","embeddable":true,"href":"https:\/\/otop.ch\/en\/wp-json\/wp\/v2\/product_tag?post=29561"}],"curies":[{"name":"wp","href":"https:\/\/api.w.org\/{rel}","templated":true}]}}