{"id":29567,"date":"2024-10-23T11:13:02","date_gmt":"2024-10-23T09:13:02","guid":{"rendered":"https:\/\/otop.ch\/?post_type=product&#038;p=29567"},"modified":"2025-01-25T18:56:28","modified_gmt":"2025-01-25T17:56:28","slug":"nr-19","status":"publish","type":"product","link":"https:\/\/otop.ch\/en\/product\/nr-19\/","title":{"rendered":"Nr 19"},"content":{"rendered":"","protected":false},"excerpt":{"rendered":"<p>Cette adorable composition de ballons est parfaite pour c\u00e9l\u00e9brer une premi\u00e8re ann\u00e9e ou tout autre moment sp\u00e9cial, ajoutant une touche ludique et \u00e9l\u00e9gante.<\/p>\n<p>D\u00e9tails du produit :<\/p>\n<p><strong>1<\/strong> grand chiffre en aluminium (<strong>100<\/strong> cm) sur poids<\/p>\n<p><strong>1<\/strong> ballon \u00e9l\u00e9phant en aluminium<\/p>\n<p><strong>1<\/strong> bouquet de ballons comprenant :<\/p>\n<p>2 c\u0153urs en aluminium (45 cm)<\/p>\n<p>8 ballons en latex<\/p>\n<p><em>*Les couleurs et les types de ballons peuvent \u00eatre ajust\u00e9s selon vos pr\u00e9f\u00e9rences, en fonction des stocks disponibles.<\/em><\/p>","protected":false},"featured_media":29570,"template":"","meta":[],"product_brand":[],"product_cat":[419,179,553,554,555,130],"product_tag":[],"class_list":{"0":"post-29567","1":"product","2":"type-product","3":"status-publish","4":"has-post-thumbnail","6":"product_cat-thematique","7":"product_cat-compositions-pretes","8":"product_cat-filles","9":"product_cat-garcons","10":"product_cat-hello-baby","11":"product_cat-helium","13":"first","14":"instock","15":"shipping-taxable","16":"purchasable","17":"product-type-simple"},"aioseo_notices":[],"jetpack_sharing_enabled":true,"_links":{"self":[{"href":"https:\/\/otop.ch\/en\/wp-json\/wp\/v2\/product\/29567"}],"collection":[{"href":"https:\/\/otop.ch\/en\/wp-json\/wp\/v2\/product"}],"about":[{"href":"https:\/\/otop.ch\/en\/wp-json\/wp\/v2\/types\/product"}],"version-history":[{"count":4,"href":"https:\/\/otop.ch\/en\/wp-json\/wp\/v2\/product\/29567\/revisions"}],"predecessor-version":[{"id":29853,"href":"https:\/\/otop.ch\/en\/wp-json\/wp\/v2\/product\/29567\/revisions\/29853"}],"wp:featuredmedia":[{"embeddable":true,"href":"https:\/\/otop.ch\/en\/wp-json\/wp\/v2\/media\/29570"}],"wp:attachment":[{"href":"https:\/\/otop.ch\/en\/wp-json\/wp\/v2\/media?parent=29567"}],"wp:term":[{"taxonomy":"product_brand","embeddable":true,"href":"https:\/\/otop.ch\/en\/wp-json\/wp\/v2\/product_brand?post=29567"},{"taxonomy":"product_cat","embeddable":true,"href":"https:\/\/otop.ch\/en\/wp-json\/wp\/v2\/product_cat?post=29567"},{"taxonomy":"product_tag","embeddable":true,"href":"https:\/\/otop.ch\/en\/wp-json\/wp\/v2\/product_tag?post=29567"}],"curies":[{"name":"wp","href":"https:\/\/api.w.org\/{rel}","templated":true}]}}