{"id":29573,"date":"2024-10-23T15:05:59","date_gmt":"2024-10-23T13:05:59","guid":{"rendered":"https:\/\/otop.ch\/?post_type=product&#038;p=29573"},"modified":"2025-01-25T17:00:59","modified_gmt":"2025-01-25T16:00:59","slug":"nr-20","status":"publish","type":"product","link":"https:\/\/otop.ch\/en\/product\/nr-20\/","title":{"rendered":"Nr 20"},"content":{"rendered":"","protected":false},"excerpt":{"rendered":"<p>Cette composition est parfaite pour c\u00e9l\u00e9brer un moment sp\u00e9cial avec une touche d\u2019\u00e9l\u00e9gance et de douceur.<\/p>\n<p>D\u00e9tails du produit :<\/p>\n<p><strong>1<\/strong> bouquet comprenant :<\/p>\n<p><strong>2<\/strong> c\u0153urs en aluminium (<strong>45<\/strong> cm)<\/p>\n<p><strong>10<\/strong> ballons en latex<\/p>\n<p>Rubans et n\u0153uds d\u00e9coratifs<\/p>\n<p>&nbsp;<\/p>\n<p><strong>1<\/strong> chiffre en aluminium (<strong>101<\/strong> cm)<\/p>\n<p><strong>1<\/strong> ballon h\u00e9risson pour une touche ludique<\/p>\n<p><strong>1<\/strong> grand ballon personnalis\u00e9 (<strong>60<\/strong> cm) avec \u00e9criture pour un message unique<\/p>\n<p>&nbsp;<\/p>\n<p>*<em>Les couleurs et les types de ballons peuvent \u00eatre ajust\u00e9s selon vos pr\u00e9f\u00e9rences, en fonction des stocks disponibles.<\/em><\/p>","protected":false},"featured_media":29575,"template":"","meta":[],"product_brand":[],"product_cat":[419,179,553,554,555,130],"product_tag":[],"class_list":{"0":"post-29573","1":"product","2":"type-product","3":"status-publish","4":"has-post-thumbnail","6":"product_cat-thematique","7":"product_cat-compositions-pretes","8":"product_cat-filles","9":"product_cat-garcons","10":"product_cat-hello-baby","11":"product_cat-helium","13":"first","14":"instock","15":"shipping-taxable","16":"purchasable","17":"product-type-simple"},"aioseo_notices":[],"jetpack_sharing_enabled":true,"_links":{"self":[{"href":"https:\/\/otop.ch\/en\/wp-json\/wp\/v2\/product\/29573"}],"collection":[{"href":"https:\/\/otop.ch\/en\/wp-json\/wp\/v2\/product"}],"about":[{"href":"https:\/\/otop.ch\/en\/wp-json\/wp\/v2\/types\/product"}],"version-history":[{"count":3,"href":"https:\/\/otop.ch\/en\/wp-json\/wp\/v2\/product\/29573\/revisions"}],"predecessor-version":[{"id":29679,"href":"https:\/\/otop.ch\/en\/wp-json\/wp\/v2\/product\/29573\/revisions\/29679"}],"wp:featuredmedia":[{"embeddable":true,"href":"https:\/\/otop.ch\/en\/wp-json\/wp\/v2\/media\/29575"}],"wp:attachment":[{"href":"https:\/\/otop.ch\/en\/wp-json\/wp\/v2\/media?parent=29573"}],"wp:term":[{"taxonomy":"product_brand","embeddable":true,"href":"https:\/\/otop.ch\/en\/wp-json\/wp\/v2\/product_brand?post=29573"},{"taxonomy":"product_cat","embeddable":true,"href":"https:\/\/otop.ch\/en\/wp-json\/wp\/v2\/product_cat?post=29573"},{"taxonomy":"product_tag","embeddable":true,"href":"https:\/\/otop.ch\/en\/wp-json\/wp\/v2\/product_tag?post=29573"}],"curies":[{"name":"wp","href":"https:\/\/api.w.org\/{rel}","templated":true}]}}