{"id":29580,"date":"2024-10-24T14:11:27","date_gmt":"2024-10-24T12:11:27","guid":{"rendered":"https:\/\/otop.ch\/?post_type=product&#038;p=29580"},"modified":"2025-01-25T16:59:16","modified_gmt":"2025-01-25T15:59:16","slug":"nr-21","status":"publish","type":"product","link":"https:\/\/otop.ch\/en\/product\/nr-21\/","title":{"rendered":"Nr 21"},"content":{"rendered":"","protected":false},"excerpt":{"rendered":"<p>Plongez dans l\u2019univers \u00e9pique des super-h\u00e9ros avec cette composition spectaculaire qui transformera votre \u00e9v\u00e9nement en une v\u00e9ritable aventure cin\u00e9matographique. Parfaite pour les anniversaires, cette cr\u00e9ation impressionne petits et grands et laisse des souvenirs inoubliables.<\/p>\n<p>D\u00e9tails du produit :<\/p>\n<p><strong>D\u00e9coration au plafond :<\/strong><\/p>\n<p><strong>10<\/strong> ballons en latex avec des guirlandes flottantes<\/p>\n<p><strong>Figurines grandeur nature :<\/strong><\/p>\n<p>Airwalker Spider-Man et Iron Man pour une touche r\u00e9aliste et immersive.<\/p>\n<p><strong>\u00c9l\u00e9ments individuels :<\/strong><\/p>\n<p><strong>1<\/strong> chiffre en aluminium sur poids<\/p>\n<p><strong>1<\/strong> \u00e9toile super-h\u00e9ros sur poids, mettant \u00e0 l\u2019honneur vos personnages pr\u00e9f\u00e9r\u00e9s.<\/p>\n<p><strong>Bouquet magistral :<\/strong><\/p>\n<p><strong>1<\/strong> c\u0153ur rouge g\u00e9ant (<strong>75<\/strong> cm) avec une \u00e9criture personnalis\u00e9e pour une d\u00e9claration unique.<\/p>\n<p><strong>2<\/strong> \u00e9toiles rouges (<strong>45<\/strong> cm) et <strong>2<\/strong> \u00e9toiles bleues (<strong>45<\/strong> cm).<\/p>\n<p><strong>2<\/strong> ballons ronds rouges (<strong>45<\/strong> cm) et<strong> 2<\/strong> ballons ronds bleus (<strong>45<\/strong> cm).<\/p>\n<p><strong>3<\/strong> ballons en latex rouge et <strong>3<\/strong> ballons en latex bleu pour une explosion de couleurs dynamiques.<\/p>\n<p><em>*Chaque d\u00e9tail de cette composition peut \u00eatre ajust\u00e9 selon vos envies, des couleurs aux \u00e9critures, pour s&rsquo;adapter parfaitement \u00e0 votre \u00e9v\u00e9nement. Faites r\u00eaver vos invit\u00e9s avec une d\u00e9coration digne des plus grands super-h\u00e9ros.<\/em><\/p>","protected":false},"featured_media":29588,"template":"","meta":[],"product_brand":[],"product_cat":[419,286,287,179,554,130],"product_tag":[],"class_list":{"0":"post-29580","1":"product","2":"type-product","3":"status-publish","4":"has-post-thumbnail","6":"product_cat-thematique","7":"product_cat-walkers","8":"product_cat-air-fill","9":"product_cat-compositions-pretes","10":"product_cat-garcons","11":"product_cat-helium","13":"first","14":"instock","15":"shipping-taxable","16":"purchasable","17":"product-type-simple"},"aioseo_notices":[],"jetpack_sharing_enabled":true,"_links":{"self":[{"href":"https:\/\/otop.ch\/en\/wp-json\/wp\/v2\/product\/29580"}],"collection":[{"href":"https:\/\/otop.ch\/en\/wp-json\/wp\/v2\/product"}],"about":[{"href":"https:\/\/otop.ch\/en\/wp-json\/wp\/v2\/types\/product"}],"version-history":[{"count":6,"href":"https:\/\/otop.ch\/en\/wp-json\/wp\/v2\/product\/29580\/revisions"}],"predecessor-version":[{"id":29681,"href":"https:\/\/otop.ch\/en\/wp-json\/wp\/v2\/product\/29580\/revisions\/29681"}],"wp:featuredmedia":[{"embeddable":true,"href":"https:\/\/otop.ch\/en\/wp-json\/wp\/v2\/media\/29588"}],"wp:attachment":[{"href":"https:\/\/otop.ch\/en\/wp-json\/wp\/v2\/media?parent=29580"}],"wp:term":[{"taxonomy":"product_brand","embeddable":true,"href":"https:\/\/otop.ch\/en\/wp-json\/wp\/v2\/product_brand?post=29580"},{"taxonomy":"product_cat","embeddable":true,"href":"https:\/\/otop.ch\/en\/wp-json\/wp\/v2\/product_cat?post=29580"},{"taxonomy":"product_tag","embeddable":true,"href":"https:\/\/otop.ch\/en\/wp-json\/wp\/v2\/product_tag?post=29580"}],"curies":[{"name":"wp","href":"https:\/\/api.w.org\/{rel}","templated":true}]}}