{"id":29589,"date":"2024-10-24T14:37:50","date_gmt":"2024-10-24T12:37:50","guid":{"rendered":"https:\/\/otop.ch\/?post_type=product&#038;p=29589"},"modified":"2025-01-25T16:56:10","modified_gmt":"2025-01-25T15:56:10","slug":"nr-22","status":"publish","type":"product","link":"https:\/\/otop.ch\/en\/product\/nr-22\/","title":{"rendered":"Nr 22"},"content":{"rendered":"","protected":false},"excerpt":{"rendered":"<p>Cette composition simple et \u00e9l\u00e9gante est parfaite pour c\u00e9l\u00e9brer un anniversaire avec style et harmonie.<\/p>\n<p>D\u00e9tails du produit :<\/p>\n<p><strong>1 <\/strong>chiffre en aluminium (<strong>101<\/strong> cm) sur poids, pour marquer l&rsquo;\u00e2ge de mani\u00e8re \u00e9clatante.<\/p>\n<p>Un bouquet\u00a0 compos\u00e9 de :<\/p>\n<p><strong>1<\/strong> ballon rond en aluminium (<strong>45<\/strong> cm).<\/p>\n<p><strong>8<\/strong> ballons en latex dans des tons doux et naturels<\/p>\n<p><em>*Cette d\u00e9coration peut \u00eatre adapt\u00e9e \u00e0 vos pr\u00e9f\u00e9rences pour refl\u00e9ter votre vision unique.<\/em><\/p>","protected":false},"featured_media":29592,"template":"","meta":[],"product_brand":[],"product_cat":[179,553,554,130],"product_tag":[],"class_list":{"0":"post-29589","1":"product","2":"type-product","3":"status-publish","4":"has-post-thumbnail","6":"product_cat-compositions-pretes","7":"product_cat-filles","8":"product_cat-garcons","9":"product_cat-helium","11":"first","12":"outofstock","13":"shipping-taxable","14":"purchasable","15":"product-type-simple"},"aioseo_notices":[],"jetpack_sharing_enabled":true,"_links":{"self":[{"href":"https:\/\/otop.ch\/en\/wp-json\/wp\/v2\/product\/29589"}],"collection":[{"href":"https:\/\/otop.ch\/en\/wp-json\/wp\/v2\/product"}],"about":[{"href":"https:\/\/otop.ch\/en\/wp-json\/wp\/v2\/types\/product"}],"version-history":[{"count":3,"href":"https:\/\/otop.ch\/en\/wp-json\/wp\/v2\/product\/29589\/revisions"}],"predecessor-version":[{"id":29682,"href":"https:\/\/otop.ch\/en\/wp-json\/wp\/v2\/product\/29589\/revisions\/29682"}],"wp:featuredmedia":[{"embeddable":true,"href":"https:\/\/otop.ch\/en\/wp-json\/wp\/v2\/media\/29592"}],"wp:attachment":[{"href":"https:\/\/otop.ch\/en\/wp-json\/wp\/v2\/media?parent=29589"}],"wp:term":[{"taxonomy":"product_brand","embeddable":true,"href":"https:\/\/otop.ch\/en\/wp-json\/wp\/v2\/product_brand?post=29589"},{"taxonomy":"product_cat","embeddable":true,"href":"https:\/\/otop.ch\/en\/wp-json\/wp\/v2\/product_cat?post=29589"},{"taxonomy":"product_tag","embeddable":true,"href":"https:\/\/otop.ch\/en\/wp-json\/wp\/v2\/product_tag?post=29589"}],"curies":[{"name":"wp","href":"https:\/\/api.w.org\/{rel}","templated":true}]}}